{"id":31266,"date":"2023-11-06T16:00:03","date_gmt":"2023-11-06T15:00:03","guid":{"rendered":"https:\/\/cornu.ch\/?post_type=product&#038;p=31266"},"modified":"2024-04-02T08:50:45","modified_gmt":"2024-04-02T06:50:45","slug":"3-korner-butterstengel-copie","status":"publish","type":"product","link":"https:\/\/cornu.ch\/de\/produit\/3-korner-butterstengel-copie\/","title":{"rendered":"Kn\u00e4ckebrot aus Hafermehl"},"content":{"rendered":"<div class=\"wpb-content-wrapper\"><p>[vc_row css_animation=&#8221;&#8221; row_type=&#8221;row&#8221; use_row_as_full_screen_section=&#8221;no&#8221; type=&#8221;full_width&#8221; angled_section=&#8221;no&#8221; text_align=&#8221;left&#8221; background_image_as_pattern=&#8221;without_pattern&#8221; css=&#8221;.vc_custom_1623681945101{padding-bottom: 50px !important;}&#8221; z_index=&#8221;&#8221;][vc_column][vc_column_text css=&#8221;.vc_custom_1642598568484{padding-bottom: 10px !important;}&#8221;]<\/p>\n<h4 style=\"text-align: center;\">Ern\u00e4hrungsdaten<\/h4>\n<p>[\/vc_column_text][vc_column_text]<\/p>\n<table class=\"ingredients\" style=\"border-collapse: collapse; width: 100%;\">\n<tbody>\n<tr>\n<td style=\"width: 55%; padding-left: 15px!important;\"><span style=\"color: #303030;\"><strong>Durchschnittliche <span style=\"font-family: inherit; font-size: inherit;\">N\u00e4hrwerte<\/span><\/strong><\/span><\/td>\n<td style=\"width: 15%;\">\n<p style=\"text-align: center;\"><span style=\"color: #303030;\"><strong>100g<\/strong><\/span><\/p>\n<\/td>\n<td style=\"width: 15%;\">\n<p style=\"text-align: center;\"><span style=\"color: #303030;\"><strong>11g<\/strong><\/span><\/p>\n<\/td>\n<td style=\"width: 20%;\">\n<p style=\"text-align: center;\"><span style=\"color: #303030;\"><strong>GDA*<\/strong><\/span><\/p>\n<\/td>\n<\/tr>\n<tr>\n<td style=\"width: 55%; padding-left: 15px!important;\">Brennwert (kJ)<\/td>\n<td style=\"width: 15%;\">\n<p style=\"text-align: center;\">1648<\/p>\n<\/td>\n<td style=\"width: 15%;\">\n<p style=\"text-align: center;\">181<\/p>\n<\/td>\n<td style=\"width: 15%;\">\n<p style=\"text-align: center;\">2%<\/p>\n<\/td>\n<\/tr>\n<tr>\n<td style=\"width: 55%; padding-left: 15px!important;\">Brennwert (kcal)<\/td>\n<td style=\"width: 15%;\">\n<p style=\"text-align: center;\">391<\/p>\n<\/td>\n<td style=\"width: 15%;\">\n<p style=\"text-align: center;\">43<\/p>\n<\/td>\n<td style=\"width: 15%;\">\n<p style=\"text-align: center;\">2%<\/p>\n<\/td>\n<\/tr>\n<tr>\n<td style=\"width: 55%; padding-left: 15px!important;\">Fett <span style=\"font-family: inherit; font-size: inherit;\">(g)<\/span><\/td>\n<td style=\"width: 15%;\">\n<p style=\"text-align: center;\">8.6<\/p>\n<\/td>\n<td style=\"width: 15%;\">\n<p style=\"text-align: center;\">0.9<\/p>\n<\/td>\n<td style=\"width: 15%;\">\n<p style=\"text-align: center;\">1%<\/p>\n<\/td>\n<\/tr>\n<tr>\n<td style=\"width: 55%; padding-left: 15px!important;\">davon ges\u00e4ttigte Fetts\u00e4uren <span style=\"font-family: inherit; font-size: inherit;\">(g)<\/span><\/td>\n<td style=\"width: 15%;\">\n<p style=\"text-align: center;\">1.1<\/p>\n<\/td>\n<td style=\"width: 15%;\">\n<p style=\"text-align: center;\">0.1<\/p>\n<\/td>\n<td style=\"width: 15%;\">\n<p style=\"text-align: center;\">1%<\/p>\n<\/td>\n<\/tr>\n<tr>\n<td style=\"width: 55%; padding-left: 15px!important;\">Kohlenhydrate <span style=\"font-family: inherit; font-size: inherit;\">(g)<\/span><\/td>\n<td style=\"width: 15%;\">\n<p style=\"text-align: center;\">67<\/p>\n<\/td>\n<td style=\"width: 15%;\">\n<p style=\"text-align: center;\">7.4<\/p>\n<\/td>\n<td style=\"width: 15%;\">\n<p style=\"text-align: center;\">3%<\/p>\n<\/td>\n<\/tr>\n<tr>\n<td style=\"width: 55%; padding-left: 15px!important;\">davon Zucker <span style=\"font-family: inherit; font-size: inherit;\">(g)<\/span><\/td>\n<td style=\"width: 15%;\">\n<p style=\"text-align: center;\">0.9<\/p>\n<\/td>\n<td style=\"width: 15%;\">\n<p style=\"text-align: center;\">0.1<\/p>\n<\/td>\n<td style=\"width: 15%;\">\n<p style=\"text-align: center;\">0%<\/p>\n<\/td>\n<\/tr>\n<tr>\n<td style=\"width: 55%; padding-left: 15px!important;\">Ballaststoffe <span style=\"font-family: inherit; font-size: inherit;\">(g)<\/span><\/td>\n<td style=\"width: 15%;\">\n<p style=\"text-align: center;\">7.9<\/p>\n<\/td>\n<td style=\"width: 15%;\">\n<p style=\"text-align: center;\">0.9<\/p>\n<\/td>\n<td style=\"width: 15%;\">\n<p style=\"text-align: center;\">&#8211;<\/p>\n<\/td>\n<\/tr>\n<tr>\n<td style=\"width: 55%; padding-left: 15px!important;\">Eiwei\u00df <span style=\"font-family: inherit; font-size: inherit;\">(g)<\/span><\/td>\n<td style=\"width: 15%;\">\n<p style=\"text-align: center;\">7.5<\/p>\n<\/td>\n<td style=\"width: 15%;\">\n<p style=\"text-align: center;\">0.8<\/p>\n<\/td>\n<td style=\"width: 15%;\">\n<p style=\"text-align: center;\">2%<\/p>\n<\/td>\n<\/tr>\n<tr>\n<td style=\"width: 55%; padding-left: 15px!important;\">Salz <span style=\"font-family: inherit; font-size: inherit;\">(g)<\/span><\/td>\n<td style=\"width: 15%;\">\n<p style=\"text-align: center;\">2.3<\/p>\n<\/td>\n<td style=\"width: 15%;\">\n<p style=\"text-align: center;\">0.25<\/p>\n<\/td>\n<td style=\"width: 15%;\">\n<p style=\"text-align: center;\">4%<\/p>\n<\/td>\n<\/tr>\n<\/tbody>\n<\/table>\n<p>[\/vc_column_text][\/vc_column][\/vc_row][vc_row css_animation=&#8221;&#8221; row_type=&#8221;row&#8221; use_row_as_full_screen_section=&#8221;no&#8221; type=&#8221;full_width&#8221; angled_section=&#8221;no&#8221; text_align=&#8221;left&#8221; background_image_as_pattern=&#8221;without_pattern&#8221; css=&#8221;.vc_custom_1641466450957{padding-bottom: 50px !important;}&#8221; z_index=&#8221;&#8221; el_class=&#8221;conditionnement&#8221;][vc_column][vc_column_text css=&#8221;.vc_custom_1640015237988{padding-bottom: 10px !important;}&#8221;]<\/p>\n<h4 style=\"text-align: center;\">Verpackung<\/h4>\n<p>[\/vc_column_text][vc_column_text]<\/p>\n<table class=\"ingredients\" style=\"border-collapse: collapse; width: 100%;\">\n<tbody>\n<tr>\n<td style=\"width: 8%; padding-left: 15px!important;\"><img loading=\"lazy\" decoding=\"async\" class=\"aligncenter wp-image-29033\" role=\"img\" src=\"\/wp-content\/uploads\/2021\/12\/cornu-icone-flowpack-boite.svg\" alt=\"\" width=\"50\" height=\"50\"><\/td>\n<td style=\"width: 38%;\"><strong>Folie + Schachtel<\/strong><\/td>\n<td style=\"width: 38%;\">230g<\/td>\n<td style=\"width: 8%;\">DLUO 9M<\/td>\n<td style=\"width: 8%;\"><a href=\"https:\/\/cornu.ch\/wp-content\/uploads\/2023\/12\/emballage-film-boite.webp\" target=\"_blank\" rel=\"noopener\"><img loading=\"lazy\" decoding=\"async\" class=\"aligncenter wp-image-29088\" role=\"img\" src=\"\/wp-content\/uploads\/2022\/01\/icone-image.svg\" alt=\"icone image\" width=\"40\" height=\"40\"><\/a><\/td>\n<\/tr>\n<\/tbody>\n<\/table>\n<p>[\/vc_column_text][\/vc_column][\/vc_row][vc_row css_animation=&#8221;&#8221; row_type=&#8221;row&#8221; use_row_as_full_screen_section=&#8221;no&#8221; type=&#8221;full_width&#8221; angled_section=&#8221;no&#8221; text_align=&#8221;left&#8221; background_image_as_pattern=&#8221;without_pattern&#8221; css=&#8221;.vc_custom_1640076346092{padding-bottom: 30px !important;}&#8221; z_index=&#8221;&#8221; el_class=&#8221;distribution&#8221;][vc_column][vc_column_text css=&#8221;.vc_custom_1640017736500{padding-bottom: 10px !important;}&#8221;]<\/p>\n<h4 style=\"text-align: center;\">Vertrieb<\/h4>\n<p>[\/vc_column_text][vc_column_text]<\/p>\n<table class=\"ingredients\" style=\"border-collapse: collapse; width: 100%;\">\n<tbody>\n<tr>\n<td style=\"width: 15%; padding-left: 15px!important;\"><img loading=\"lazy\" decoding=\"async\" class=\"wp-image-29044 aligncenter\" role=\"img\" src=\"https:\/\/cornu.ch\/wp-content\/uploads\/\/2021\/12\/cornu-icone-marques-disponibles.svg\" alt=\"\" width=\"35\" height=\"35\"><\/td>\n<td style=\"width: 35%;\"><span style=\"color: #303030;\"><strong>Verf\u00fcgbare Marken<\/strong><\/span><\/p>\n<ul>\n<li>Handelsmarke<\/li>\n<\/ul>\n<\/td>\n<td style=\"width: 15%;\"><img loading=\"lazy\" decoding=\"async\" class=\"aligncenter wp-image-29038\" role=\"img\" src=\"https:\/\/cornu.ch\/wp-content\/uploads\/\/2021\/12\/cornu-icone-lieu-production.svg\" alt=\"\" width=\"35\" height=\"35\"><\/td>\n<td style=\"width: 35%;\"><span style=\"color: #303030;\"><strong>Produktionsort<\/strong><\/span><\/p>\n<p>Manastiur | Rom\u00e4nien<\/td>\n<\/tr>\n<\/tbody>\n<\/table>\n<p>[\/vc_column_text][\/vc_column][\/vc_row][vc_row css_animation=&#8221;&#8221; row_type=&#8221;row&#8221; use_row_as_full_screen_section=&#8221;no&#8221; type=&#8221;full_width&#8221; angled_section=&#8221;no&#8221; text_align=&#8221;left&#8221; background_image_as_pattern=&#8221;without_pattern&#8221; z_index=&#8221;&#8221; el_class=&#8221;distribution&#8221; css=&#8221;.vc_custom_1693396771251{padding-top: 20px !important;}&#8221;][vc_column][vc_column_text css=&#8221;.vc_custom_1641809696712{padding-bottom: 10px !important;}&#8221;]<\/p>\n<h4 style=\"text-align: center;\">Logistik<\/h4>\n<p>[\/vc_column_text][\/vc_column][\/vc_row][vc_row row_type=&#8221;expandable&#8221; text_align=&#8221;left&#8221; button_position=&#8221;center&#8221; css=&#8221;.vc_custom_1693396873291{margin-top: -50px !important;padding-bottom: 30px !important;}&#8221; more_button_label=&#8221;+&#8221; expandable_content_top_padding=&#8221;10&#8243; el_class=&#8221;logistique&#8221; less_button_label=&#8221;\u2573&#8221;][vc_column][vc_column_text]<\/p>\n<table class=\"ingredients\" style=\"border-collapse: collapse; width: 100%;\">\n<tbody>\n<tr>\n<td style=\"width: 10%; padding-left: 15px!important;\"><\/td>\n<td style=\"width: 10%; padding-left: 15px!important;\"><\/td>\n<td style=\"width: 15%; text-align: center;\"><strong>Abmessungen<br \/>\nUVC<\/strong><\/td>\n<td style=\"width: 15%; text-align: center;\"><strong>Abmessungen Karton<\/strong><\/td>\n<td style=\"width: 8%; text-align: center;\"><strong>UVC<br \/>\nKartons<\/strong><\/td>\n<td style=\"width: 8%; text-align: center;\"><strong>EUR 120 x 80<\/strong><\/td>\n<td style=\"width: 8%; text-align: center;\"><strong>UVC<br \/>\nPalette EP<\/strong><\/td>\n<td style=\"width: 26%; text-align: center;\"><strong>Verf\u00fcgbare Kartons<\/strong><\/td>\n<\/tr>\n<tr>\n<td style=\"width: 10%; padding-left: 15px!important;\"><img loading=\"lazy\" decoding=\"async\" class=\"aligncenter wp-image-29033\" role=\"img\" src=\"https:\/\/cornu.ch\/wp-content\/uploads\/\/2021\/12\/cornu-icone-boite-barquette-plastique.svg\" alt=\"\" width=\"50\" height=\"50\"><\/td>\n<td style=\"width: 10%; padding-left: 15px!important;\">230g<br \/>\n230g<\/td>\n<td style=\"width: 15%; text-align: center;\">142 x 73 x 116<br \/>\n142 x 73 x 116<\/td>\n<td style=\"width: 15%; text-align: center;\">385 x 149 x 128<br \/>\n385 x 298 x 128<\/td>\n<td style=\"width: 8%; text-align: center;\">5<br \/>\n10<\/td>\n<td style=\"width: 8%; text-align: center;\">165<br \/>\n96<\/td>\n<td style=\"width: 8%; text-align: center;\">825<br \/>\n960<\/td>\n<td style=\"width: 26%; text-align: center;\">Faltbox + SRP<br \/>\nFaltbox + SRP<\/td>\n<\/tr>\n<\/tbody>\n<\/table>\n<p>[\/vc_column_text][\/vc_column][\/vc_row][vc_row css_animation=&#8221;&#8221; row_type=&#8221;row&#8221; use_row_as_full_screen_section=&#8221;no&#8221; type=&#8221;full_width&#8221; angled_section=&#8221;no&#8221; text_align=&#8221;left&#8221; background_image_as_pattern=&#8221;without_pattern&#8221; z_index=&#8221;&#8221; el_class=&#8221;distribution&#8221; css=&#8221;.vc_custom_1693396771251{padding-top: 20px !important;}&#8221;][vc_column][vc_column_text css=&#8221;.vc_custom_1641809654835{padding-bottom: 10px !important;}&#8221;]<\/p>\n<h4 style=\"text-align: center;\">Zusammensetzung von Verpackungen<\/h4>\n<p>[\/vc_column_text][\/vc_column][\/vc_row][vc_row row_type=&#8221;expandable&#8221; text_align=&#8221;left&#8221; button_position=&#8221;center&#8221; css=&#8221;.vc_custom_1693396883727{margin-top: -50px !important;padding-bottom: 50px !important;}&#8221; more_button_label=&#8221;Emballages&#8221; expandable_content_top_padding=&#8221;10&#8243; el_class=&#8221;emballage&#8221; less_button_label=&#8221;\u2573&#8221;][vc_column][vc_column_text]<\/p>\n<table class=\"ingredients\" style=\"border-collapse: collapse; width: 100%;\">\n<tbody>\n<tr>\n<td style=\"width: 30%; padding-left: 15px!important;\"><strong>Folie<\/strong><\/td>\n<td style=\"width: 70%; text-align: center;\"><strong>230g<\/strong><\/td>\n<\/tr>\n<tr>\n<td style=\"width: 30%; padding-left: 15px!important;\">Material<br \/>\nRecycelt<br \/>\nRecycelbar<\/td>\n<td style=\"width: 70%; text-align: center;\">PET + OPP<br \/>\n<img loading=\"lazy\" decoding=\"async\" class=\"alignnone wp-image-29050\" role=\"img\" src=\"https:\/\/cornu.ch\/wp-content\/uploads\/\/2021\/12\/icone-cross.svg\" alt=\"\" width=\"13\" height=\"10\"><br \/>\n<img loading=\"lazy\" decoding=\"async\" class=\"alignnone wp-image-29050\" role=\"img\" src=\"https:\/\/cornu.ch\/wp-content\/uploads\/\/2021\/12\/icone-cross.svg\" alt=\"\" width=\"13\" height=\"10\"><\/td>\n<\/tr>\n<tr>\n<td style=\"width: 30%; padding-left: 15px!important;\"><strong>Schachtel<\/strong><\/td>\n<td style=\"width: 70%; text-align: center;\"><strong>230g<\/strong><\/td>\n<\/tr>\n<tr>\n<td style=\"width: 30%; padding-left: 15px!important;\">Material<br \/>\nRecycelt<br \/>\nRecycelbar<\/td>\n<td style=\"width: 70%; text-align: center;\">GD2<br \/>\n<img loading=\"lazy\" decoding=\"async\" class=\"alignnone wp-image-29051\" role=\"img\" src=\"https:\/\/cornu.ch\/wp-content\/uploads\/\/2021\/12\/icone-check.svg\" alt=\"\" width=\"13\" height=\"10\"><br \/>\n<img loading=\"lazy\" decoding=\"async\" class=\"alignnone wp-image-29051\" role=\"img\" src=\"https:\/\/cornu.ch\/wp-content\/uploads\/\/2021\/12\/icone-check.svg\" alt=\"\" width=\"13\" height=\"10\"><\/td>\n<\/tr>\n<tr>\n<td style=\"width: 30%; padding-left: 15px!important;\"><strong>Karton | Tray<\/strong><\/td>\n<td style=\"width: 70%; text-align: center;\"><strong>230g<\/strong><\/td>\n<\/tr>\n<tr>\n<td style=\"width: 30%; padding-left: 15px!important;\">Material<br \/>\nRecycelt<br \/>\nRecycelbar<\/td>\n<td style=\"width: 70%; text-align: center;\">Karton<br \/>\n<img loading=\"lazy\" decoding=\"async\" class=\"alignnone wp-image-29051\" role=\"img\" src=\"https:\/\/cornu.ch\/wp-content\/uploads\/\/2021\/12\/icone-check.svg\" alt=\"\" width=\"13\" height=\"10\"><br \/>\n<img loading=\"lazy\" decoding=\"async\" class=\"alignnone wp-image-29051\" role=\"img\" src=\"https:\/\/cornu.ch\/wp-content\/uploads\/\/2021\/12\/icone-check.svg\" alt=\"\" width=\"13\" height=\"10\"><\/td>\n<\/tr>\n<\/tbody>\n<\/table>\n<p>[\/vc_column_text][\/vc_column][\/vc_row]<\/p>\n<\/div>","protected":false},"excerpt":{"rendered":"<p>Das GLUTEN- und laktosefreie Knusperbrot besteht aus sorgf\u00e4ltig ausgew\u00e4hltem Hafermehl. Dieses ballaststoffreiche Produkt hat eine einzigartige Knusprigkeit und einen feinen Geschmack.<\/p>\n<p>&nbsp;<\/p>\n<h4>Zutaten<\/h4>\n<hr style=\"height: 2px; border-width: 0; #fcdd90: gray; background-color: #fcdd90;\">\n<p>Glutenfreies Hafermehl (23 %), Reismehl, Reisgrie\u00df, Kartoffelst\u00e4rke, Maisst\u00e4rke, Sonnenblumen\u00f6l, glutenfreie Haferflocken (4 %), Hefe, Zucker, Zuckerr\u00fcbenfasern, Invertzuckersirup, Backtriebmittel (Natriumbicarbonat), jodiertes Salz, Emulgator (Mono- und Diglyceride von Speisefetts\u00e4uren), Verdickungsmittel (Carboxymethylcellulose, Guarkernmehl). Kann Spuren von Sesamsamen und Milch enthalten.<br \/>\n<strong>Kann Spuren von Sesamsamen enthalten.<\/strong><\/p>\n<p>&nbsp;<\/p>\n<h4>Angaben &amp; Labels<\/h4>\n<hr style=\"height: 2px; border-width: 0; #fcdd90: gray; background-color: #fcdd90;\">\n<ul>\n<li>Biologisch<\/li>\n<li>Glutenfrei<\/li>\n<li>Laktosenfrei<\/li>\n<li>GVO-frei (Gentechnikfrei)<\/li>\n<li>Palm\u00f6lfrei<\/li>\n<\/ul>\n<p>&nbsp;<\/p>\n<h4>Bestehende Varianten<\/h4>\n<hr style=\"height: 2px; border-width: 0; #fcdd90: gray; background-color: #fcdd90;\">\n<ul>\n<li>Roggen<\/li>\n<\/ul>\n","protected":false},"featured_media":30367,"template":"","meta":{"footnotes":""},"product_brand":[],"product_cat":[148,221,121,222,176,133,124,182],"product_tag":[],"class_list":{"0":"post-31266","1":"product","2":"type-product","3":"status-publish","4":"has-post-thumbnail","6":"product_cat-biologisch","7":"product_cat-glutenfrei","8":"product_cat-gvo-frei-gentechnikfrei","9":"product_cat-hafer","10":"product_cat-knackebrot","11":"product_cat-laktosenfrei","12":"product_cat-palmoelfrei","13":"product_cat-salzig","15":"first","16":"instock","17":"shipping-taxable","18":"product-type-simple"},"_links":{"self":[{"href":"https:\/\/cornu.ch\/de\/wp-json\/wp\/v2\/product\/31266","targetHints":{"allow":["GET"]}}],"collection":[{"href":"https:\/\/cornu.ch\/de\/wp-json\/wp\/v2\/product"}],"about":[{"href":"https:\/\/cornu.ch\/de\/wp-json\/wp\/v2\/types\/product"}],"version-history":[{"count":15,"href":"https:\/\/cornu.ch\/de\/wp-json\/wp\/v2\/product\/31266\/revisions"}],"predecessor-version":[{"id":31827,"href":"https:\/\/cornu.ch\/de\/wp-json\/wp\/v2\/product\/31266\/revisions\/31827"}],"wp:featuredmedia":[{"embeddable":true,"href":"https:\/\/cornu.ch\/de\/wp-json\/wp\/v2\/media\/30367"}],"wp:attachment":[{"href":"https:\/\/cornu.ch\/de\/wp-json\/wp\/v2\/media?parent=31266"}],"wp:term":[{"taxonomy":"product_brand","embeddable":true,"href":"https:\/\/cornu.ch\/de\/wp-json\/wp\/v2\/product_brand?post=31266"},{"taxonomy":"product_cat","embeddable":true,"href":"https:\/\/cornu.ch\/de\/wp-json\/wp\/v2\/product_cat?post=31266"},{"taxonomy":"product_tag","embeddable":true,"href":"https:\/\/cornu.ch\/de\/wp-json\/wp\/v2\/product_tag?post=31266"}],"curies":[{"name":"wp","href":"https:\/\/api.w.org\/{rel}","templated":true}]}}