{"id":31249,"date":"2023-11-06T15:36:54","date_gmt":"2023-11-06T14:36:54","guid":{"rendered":"https:\/\/cornu.ch\/?post_type=product&#038;p=31249"},"modified":"2024-03-18T10:31:07","modified_gmt":"2024-03-18T09:31:07","slug":"sesamsamen-butterstengel-copie-2","status":"publish","type":"product","link":"https:\/\/cornu.ch\/de\/produit\/sesamsamen-butterstengel-copie-2\/","title":{"rendered":"Sesam &amp; Margarine St\u00f6ckli"},"content":{"rendered":"<div class=\"wpb-content-wrapper\"><p>[vc_row css_animation=&#8221;&#8221; row_type=&#8221;row&#8221; use_row_as_full_screen_section=&#8221;no&#8221; type=&#8221;full_width&#8221; angled_section=&#8221;no&#8221; text_align=&#8221;left&#8221; background_image_as_pattern=&#8221;without_pattern&#8221; css=&#8221;.vc_custom_1623681945101{padding-bottom: 50px !important;}&#8221; z_index=&#8221;&#8221;][vc_column][vc_column_text css=&#8221;.vc_custom_1642598568484{padding-bottom: 10px !important;}&#8221;]<\/p>\n<h4 style=\"text-align: center;\">Ern\u00e4hrungsdaten<\/h4>\n<p>[\/vc_column_text][vc_column_text]<\/p>\n<table class=\"ingredients\" style=\"border-collapse: collapse; width: 100%;\">\n<tbody>\n<tr>\n<td style=\"width: 55%; padding-left: 15px!important;\"><span style=\"color: #303030;\"><strong>Durchschnittliche <span style=\"font-family: inherit; font-size: inherit;\">N\u00e4hrwerte<\/span><\/strong><\/span><\/td>\n<td style=\"width: 15%;\">\n<p style=\"text-align: center;\"><span style=\"color: #303030;\"><strong>100g<\/strong><\/span><\/p>\n<\/td>\n<td style=\"width: 15%;\">\n<p style=\"text-align: center;\"><span style=\"color: #303030;\"><strong>25g<\/strong><\/span><\/p>\n<\/td>\n<td style=\"width: 20%;\">\n<p style=\"text-align: center;\"><span style=\"color: #303030;\"><strong>GDA*<\/strong><\/span><\/p>\n<\/td>\n<\/tr>\n<tr>\n<td style=\"width: 55%; padding-left: 15px!important;\">Brennwert (kJ)<\/td>\n<td style=\"width: 15%;\">\n<p style=\"text-align: center;\">1941<\/p>\n<\/td>\n<td style=\"width: 15%;\">\n<p style=\"text-align: center;\">485.25<\/p>\n<\/td>\n<td style=\"width: 15%;\">\n<p style=\"text-align: center;\">6%<\/p>\n<\/td>\n<\/tr>\n<tr>\n<td style=\"width: 55%; padding-left: 15px!important;\">Brennwert (kcal)<\/td>\n<td style=\"width: 15%;\">\n<p style=\"text-align: center;\">463<\/p>\n<\/td>\n<td style=\"width: 15%;\">\n<p style=\"text-align: center;\">115.75<\/p>\n<\/td>\n<td style=\"width: 15%;\">\n<p style=\"text-align: center;\">6%<\/p>\n<\/td>\n<\/tr>\n<tr>\n<td style=\"width: 55%; padding-left: 15px!important;\">Fett <span style=\"font-family: inherit; font-size: inherit;\">(g)<\/span><\/td>\n<td style=\"width: 15%;\">\n<p style=\"text-align: center;\">19<\/p>\n<\/td>\n<td style=\"width: 15%;\">\n<p style=\"text-align: center;\">4.75<\/p>\n<\/td>\n<td style=\"width: 15%;\">\n<p style=\"text-align: center;\">7%<\/p>\n<\/td>\n<\/tr>\n<tr>\n<td style=\"width: 55%; padding-left: 15px!important;\">davon ges\u00e4ttigte Fetts\u00e4uren <span style=\"font-family: inherit; font-size: inherit;\">(g)<\/span><\/td>\n<td style=\"width: 15%;\">\n<p style=\"text-align: center;\">3.5<\/p>\n<\/td>\n<td style=\"width: 15%;\">\n<p style=\"text-align: center;\">0.875<\/p>\n<\/td>\n<td style=\"width: 15%;\">\n<p style=\"text-align: center;\">4%<\/p>\n<\/td>\n<\/tr>\n<tr>\n<td style=\"width: 55%; padding-left: 15px!important;\">Kohlenhydrate <span style=\"font-family: inherit; font-size: inherit;\">(g)<\/span><\/td>\n<td style=\"width: 15%;\">\n<p style=\"text-align: center;\">53<\/p>\n<\/td>\n<td style=\"width: 15%;\">\n<p style=\"text-align: center;\">13.25<\/p>\n<\/td>\n<td style=\"width: 15%;\">\n<p style=\"text-align: center;\">5%<\/p>\n<\/td>\n<\/tr>\n<tr>\n<td style=\"width: 55%; padding-left: 15px!important;\">davon Zucker <span style=\"font-family: inherit; font-size: inherit;\">(g)<\/span><\/td>\n<td style=\"width: 15%;\">\n<p style=\"text-align: center;\">2.6<\/p>\n<\/td>\n<td style=\"width: 15%;\">\n<p style=\"text-align: center;\">0.65<\/p>\n<\/td>\n<td style=\"width: 15%;\">\n<p style=\"text-align: center;\">1%<\/p>\n<\/td>\n<\/tr>\n<tr>\n<td style=\"width: 55%; padding-left: 15px!important;\">Ballaststoffe <span style=\"font-family: inherit; font-size: inherit;\">(g)<\/span><\/td>\n<td style=\"width: 15%;\">\n<p style=\"text-align: center;\">6<\/p>\n<\/td>\n<td style=\"width: 15%;\">\n<p style=\"text-align: center;\">1.5<\/p>\n<\/td>\n<td style=\"width: 15%;\">\n<p style=\"text-align: center;\">&#8211;<\/p>\n<\/td>\n<\/tr>\n<tr>\n<td style=\"width: 55%; padding-left: 15px!important;\">Eiwei\u00df <span style=\"font-family: inherit; font-size: inherit;\">(g)<\/span><\/td>\n<td style=\"width: 15%;\">\n<p style=\"text-align: center;\">17<\/p>\n<\/td>\n<td style=\"width: 15%;\">\n<p style=\"text-align: center;\">4.25<\/p>\n<\/td>\n<td style=\"width: 15%;\">\n<p style=\"text-align: center;\">9%<\/p>\n<\/td>\n<\/tr>\n<tr>\n<td style=\"width: 55%; padding-left: 15px!important;\">Salz <span style=\"font-family: inherit; font-size: inherit;\">(g)<\/span><\/td>\n<td style=\"width: 15%;\">\n<p style=\"text-align: center;\">1.3<\/p>\n<\/td>\n<td style=\"width: 15%;\">\n<p style=\"text-align: center;\">0.325<\/p>\n<\/td>\n<td style=\"width: 15%;\">\n<p style=\"text-align: center;\">5%<\/p>\n<\/td>\n<\/tr>\n<\/tbody>\n<\/table>\n<p>[\/vc_column_text][\/vc_column][\/vc_row][vc_row css_animation=&#8221;&#8221; row_type=&#8221;row&#8221; use_row_as_full_screen_section=&#8221;no&#8221; type=&#8221;full_width&#8221; angled_section=&#8221;no&#8221; text_align=&#8221;left&#8221; background_image_as_pattern=&#8221;without_pattern&#8221; css=&#8221;.vc_custom_1641466450957{padding-bottom: 50px !important;}&#8221; z_index=&#8221;&#8221; el_class=&#8221;conditionnement&#8221;][vc_column][vc_column_text css=&#8221;.vc_custom_1640015237988{padding-bottom: 10px !important;}&#8221;]<\/p>\n<h4 style=\"text-align: center;\">Verpackung<\/h4>\n<p>[\/vc_column_text][vc_column_text]<\/p>\n<table class=\"ingredients\" style=\"border-collapse: collapse; width: 100%;\">\n<tbody>\n<tr>\n<td style=\"width: 8%; padding-left: 15px!important;\"><img loading=\"lazy\" decoding=\"async\" class=\"aligncenter wp-image-29033\" role=\"img\" src=\"\/wp-content\/uploads\/2021\/12\/cornu-icone-flowpack.svg\" alt=\"\" width=\"50\" height=\"50\"><\/td>\n<td style=\"width: 38%;\"><strong>Folie<\/strong><\/td>\n<td style=\"width: 38%;\">125g | 150g<\/td>\n<td style=\"width: 8%;\">DLUO 9M<\/td>\n<td style=\"width: 8%;\"><a href=\"\/wp-content\/uploads\/2023\/11\/emballage-film-imprime.jpg\" target=\"_blank\" rel=\"noopener\"><img loading=\"lazy\" decoding=\"async\" class=\"aligncenter wp-image-29088\" role=\"img\" src=\"\/wp-content\/uploads\/2022\/01\/icone-image.svg\" alt=\"icone image\" width=\"40\" height=\"40\"><\/a><\/td>\n<\/tr>\n<tr>\n<td style=\"width: 8%; padding-left: 15px!important;\"><img loading=\"lazy\" decoding=\"async\" class=\"aligncenter wp-image-29033\" role=\"img\" src=\"\/wp-content\/uploads\/2021\/12\/cornu-icone-flowpack-boite.svg\" alt=\"\" width=\"50\" height=\"50\"><\/td>\n<td style=\"width: 38%;\"><strong>Folie + Schachtel<\/strong><\/td>\n<td style=\"width: 38%;\">125g | 140g<\/td>\n<td style=\"width: 8%;\">DLUO 9M<\/td>\n<td style=\"width: 8%;\"><a href=\"https:\/\/cornu.ch\/wp-content\/uploads\/2023\/12\/emballage-film-boite.webp\" target=\"_blank\" rel=\"noopener\"><img loading=\"lazy\" decoding=\"async\" class=\"aligncenter wp-image-29088\" role=\"img\" src=\"https:\/\/cornu.ch\/wp-content\/uploads\/\/2022\/01\/icone-image.svg\" alt=\"icone image\" width=\"40\" height=\"40\"><\/a><\/td>\n<\/tr>\n<\/tbody>\n<\/table>\n<p>[\/vc_column_text][\/vc_column][\/vc_row][vc_row css_animation=&#8221;&#8221; row_type=&#8221;row&#8221; use_row_as_full_screen_section=&#8221;no&#8221; type=&#8221;full_width&#8221; angled_section=&#8221;no&#8221; text_align=&#8221;left&#8221; background_image_as_pattern=&#8221;without_pattern&#8221; css=&#8221;.vc_custom_1640076346092{padding-bottom: 30px !important;}&#8221; z_index=&#8221;&#8221; el_class=&#8221;distribution&#8221;][vc_column][vc_column_text css=&#8221;.vc_custom_1640017736500{padding-bottom: 10px !important;}&#8221;]<\/p>\n<h4 style=\"text-align: center;\">Vertrieb<\/h4>\n<p>[\/vc_column_text][vc_column_text]<\/p>\n<table class=\"ingredients\" style=\"border-collapse: collapse; width: 100%;\">\n<tbody>\n<tr>\n<td style=\"width: 15%; padding-left: 15px!important;\"><img loading=\"lazy\" decoding=\"async\" class=\"wp-image-29044 aligncenter\" role=\"img\" src=\"https:\/\/cornu.ch\/wp-content\/uploads\/\/2021\/12\/cornu-icone-marques-disponibles.svg\" alt=\"\" width=\"35\" height=\"35\"><\/td>\n<td style=\"width: 35%;\"><span style=\"color: #303030;\"><strong>Verf\u00fcgbare Marken<\/strong><\/span><\/p>\n<ul>\n<li>Roland<\/li>\n<li>Handelsmarke<\/li>\n<\/ul>\n<\/td>\n<td style=\"width: 15%;\"><img loading=\"lazy\" decoding=\"async\" class=\"aligncenter wp-image-29038\" role=\"img\" src=\"https:\/\/cornu.ch\/wp-content\/uploads\/\/2021\/12\/cornu-icone-lieu-production.svg\" alt=\"\" width=\"35\" height=\"35\"><\/td>\n<td style=\"width: 35%;\"><span style=\"color: #303030;\"><strong>Produktionsort<\/strong><\/span><\/p>\n<p>Fontain | Frankreich<br \/>\nManastiur | Rom\u00e4nien<\/td>\n<\/tr>\n<\/tbody>\n<\/table>\n<p>[\/vc_column_text][\/vc_column][\/vc_row][vc_row css_animation=&#8221;&#8221; row_type=&#8221;row&#8221; use_row_as_full_screen_section=&#8221;no&#8221; type=&#8221;full_width&#8221; angled_section=&#8221;no&#8221; text_align=&#8221;left&#8221; background_image_as_pattern=&#8221;without_pattern&#8221; z_index=&#8221;&#8221; el_class=&#8221;distribution&#8221; css=&#8221;.vc_custom_1693396771251{padding-top: 20px !important;}&#8221;][vc_column][vc_column_text css=&#8221;.vc_custom_1641809696712{padding-bottom: 10px !important;}&#8221;]<\/p>\n<h4 style=\"text-align: center;\">Logistik<\/h4>\n<p>[\/vc_column_text][\/vc_column][\/vc_row][vc_row row_type=&#8221;expandable&#8221; text_align=&#8221;left&#8221; button_position=&#8221;center&#8221; css=&#8221;.vc_custom_1693396873291{margin-top: -50px !important;padding-bottom: 30px !important;}&#8221; more_button_label=&#8221;+&#8221; expandable_content_top_padding=&#8221;10&#8243; el_class=&#8221;logistique&#8221; less_button_label=&#8221;\u2573&#8221;][vc_column][vc_column_text]<\/p>\n<table class=\"ingredients\" style=\"border-collapse: collapse; width: 100%;\">\n<tbody>\n<tr>\n<td style=\"width: 10%; padding-left: 15px!important;\"><\/td>\n<td style=\"width: 10%; padding-left: 15px!important;\"><\/td>\n<td style=\"width: 15%; text-align: center;\"><strong>Abmessungen<br \/>\nUVC<\/strong><\/td>\n<td style=\"width: 15%; text-align: center;\"><strong>Abmessungen Karton<\/strong><\/td>\n<td style=\"width: 8%; text-align: center;\"><strong>UVC<br \/>\nKartons<\/strong><\/td>\n<td style=\"width: 8%; text-align: center;\"><strong>EUR 120 x 80<\/strong><\/td>\n<td style=\"width: 8%; text-align: center;\"><strong>UVC<br \/>\nPalette EP<\/strong><\/td>\n<td style=\"width: 26%; text-align: center;\"><strong>Verf\u00fcgbare Kartons<\/strong><\/td>\n<\/tr>\n<tr>\n<td style=\"width: 10%; padding-left: 15px!important;\"><img loading=\"lazy\" decoding=\"async\" class=\"aligncenter wp-image-29033\" role=\"img\" src=\"https:\/\/cornu.ch\/wp-content\/uploads\/\/2021\/12\/cornu-icone-boite-barquette-plastique.svg\" alt=\"\" width=\"50\" height=\"50\"><\/td>\n<td style=\"width: 10%; padding-left: 15px!important;\">125g<br \/>\n150g<\/td>\n<td style=\"width: 15%; text-align: center;\">126 x 48 x 170<br \/>\n116 x 48 x 240<\/td>\n<td style=\"width: 15%; text-align: center;\">340 x 260 186<br \/>\n588 x 393 x 256<\/td>\n<td style=\"width: 8%; text-align: center;\">14<br \/>\n40<\/td>\n<td style=\"width: 8%; text-align: center;\">90<br \/>\n28<\/td>\n<td style=\"width: 8%; text-align: center;\">1260<br \/>\n1120<\/td>\n<td style=\"width: 26%; text-align: center;\">Faltbox + SRP<br \/>\nAmerikanische Box<\/td>\n<\/tr>\n<tr>\n<td style=\"width: 10%; padding-left: 15px!important;\"><img loading=\"lazy\" decoding=\"async\" class=\"aligncenter wp-image-29033\" role=\"img\" src=\"https:\/\/cornu.ch\/wp-content\/uploads\/\/2021\/12\/cornu-icone-boite-barquette-plastique.svg\" alt=\"\" width=\"50\" height=\"50\"><\/td>\n<td style=\"width: 10%; padding-left: 15px!important;\">125g<br \/>\n140g<\/td>\n<td style=\"width: 15%; text-align: center;\">201 x 109.5 x 47<br \/>\n201 x 109 x 52<\/td>\n<td style=\"width: 15%; text-align: center;\">300 x 236 x 220<br \/>\n348 x 226 x 220<\/td>\n<td style=\"width: 8%; text-align: center;\">12<br \/>\n12<\/td>\n<td style=\"width: 8%; text-align: center;\">104<br \/>\n88<\/td>\n<td style=\"width: 8%; text-align: center;\">1248<br \/>\n1056<\/td>\n<td style=\"width: 26%; text-align: center;\">Faltbox + SRP<br \/>\nFaltbox + SRP<\/td>\n<\/tr>\n<\/tbody>\n<\/table>\n<p>[\/vc_column_text][\/vc_column][\/vc_row][vc_row css_animation=&#8221;&#8221; row_type=&#8221;row&#8221; use_row_as_full_screen_section=&#8221;no&#8221; type=&#8221;full_width&#8221; angled_section=&#8221;no&#8221; text_align=&#8221;left&#8221; background_image_as_pattern=&#8221;without_pattern&#8221; z_index=&#8221;&#8221; el_class=&#8221;distribution&#8221; css=&#8221;.vc_custom_1693396771251{padding-top: 20px !important;}&#8221;][vc_column][vc_column_text css=&#8221;.vc_custom_1641809654835{padding-bottom: 10px !important;}&#8221;]<\/p>\n<h4 style=\"text-align: center;\">Zusammensetzung von Verpackungen<\/h4>\n<p>[\/vc_column_text][\/vc_column][\/vc_row][vc_row row_type=&#8221;expandable&#8221; text_align=&#8221;left&#8221; button_position=&#8221;center&#8221; css=&#8221;.vc_custom_1693396883727{margin-top: -50px !important;padding-bottom: 50px !important;}&#8221; more_button_label=&#8221;Emballages&#8221; expandable_content_top_padding=&#8221;10&#8243; el_class=&#8221;emballage&#8221; less_button_label=&#8221;\u2573&#8221;][vc_column][vc_column_text]<\/p>\n<table class=\"ingredients\" style=\"border-collapse: collapse; width: 100%;\">\n<tbody>\n<tr>\n<td style=\"width: 13%; padding-left: 15px!important;\"><strong>Folie<\/strong><\/td>\n<td style=\"width: 29%; text-align: center;\"><b>125g<\/b><\/td>\n<td style=\"width: 29%; text-align: center;\"><strong>140g<\/strong><\/td>\n<td style=\"width: 29%; text-align: center;\"><b>150g<\/b><\/td>\n<\/tr>\n<tr>\n<td style=\"width: 13%; padding-left: 15px!important;\">Material<br \/>\nRecycelt<br \/>\nRecycelbar<\/td>\n<td style=\"width: 29%; text-align: center;\">PET + OPP<br \/>\n<img loading=\"lazy\" decoding=\"async\" class=\"alignnone wp-image-29050\" role=\"img\" src=\"https:\/\/cornu.ch\/wp-content\/uploads\/\/2021\/12\/icone-cross.svg\" alt=\"\" width=\"13\" height=\"10\"><br \/>\n<img loading=\"lazy\" decoding=\"async\" class=\"alignnone wp-image-29050\" role=\"img\" src=\"https:\/\/cornu.ch\/wp-content\/uploads\/\/2021\/12\/icone-cross.svg\" alt=\"\" width=\"13\" height=\"10\"><\/td>\n<td style=\"width: 29%; text-align: center;\">PET + OPP<br \/>\n<img loading=\"lazy\" decoding=\"async\" class=\"alignnone wp-image-29050\" role=\"img\" src=\"https:\/\/cornu.ch\/wp-content\/uploads\/\/2021\/12\/icone-cross.svg\" alt=\"\" width=\"13\" height=\"10\"><br \/>\n<img loading=\"lazy\" decoding=\"async\" class=\"alignnone wp-image-29050\" role=\"img\" src=\"https:\/\/cornu.ch\/wp-content\/uploads\/\/2021\/12\/icone-cross.svg\" alt=\"\" width=\"13\" height=\"10\"><\/td>\n<td style=\"width: 29%; text-align: center;\">PET + OPP<br \/>\n<img loading=\"lazy\" decoding=\"async\" class=\"alignnone wp-image-29050\" role=\"img\" src=\"https:\/\/cornu.ch\/wp-content\/uploads\/\/2021\/12\/icone-cross.svg\" alt=\"\" width=\"13\" height=\"10\"><br \/>\n<img loading=\"lazy\" decoding=\"async\" class=\"alignnone wp-image-29050\" role=\"img\" src=\"https:\/\/cornu.ch\/wp-content\/uploads\/\/2021\/12\/icone-cross.svg\" alt=\"\" width=\"13\" height=\"10\"><\/td>\n<\/tr>\n<tr>\n<td style=\"width: 13%; padding-left: 15px!important;\"><strong>Schachtel<\/strong><\/td>\n<td style=\"width: 29%; text-align: center;\"><b>125g<\/b><\/td>\n<td style=\"width: 29%; text-align: center;\"><strong>140g<\/strong><\/td>\n<td style=\"width: 29%; text-align: center;\"><b>150g<\/b><\/td>\n<\/tr>\n<tr>\n<td style=\"width: 13%; padding-left: 15px!important;\">Material<br \/>\nRecycelt<br \/>\nRecycelbar<\/td>\n<td style=\"width: 29%; text-align: center;\" width=\"139\" height=\"40\">GD2<br \/>\n<img loading=\"lazy\" decoding=\"async\" class=\"alignnone wp-image-29051\" role=\"img\" src=\"https:\/\/cornu.ch\/wp-content\/uploads\/\/2021\/12\/icone-check.svg\" alt=\"\" width=\"13\" height=\"10\"><br \/>\n<img loading=\"lazy\" decoding=\"async\" class=\"alignnone wp-image-29051\" role=\"img\" src=\"https:\/\/cornu.ch\/wp-content\/uploads\/\/2021\/12\/icone-check.svg\" alt=\"\" width=\"13\" height=\"10\"><\/td>\n<td style=\"width: 29%; text-align: center;\">GD2<br \/>\n<img loading=\"lazy\" decoding=\"async\" class=\"alignnone wp-image-29051\" role=\"img\" src=\"https:\/\/cornu.ch\/wp-content\/uploads\/\/2021\/12\/icone-check.svg\" alt=\"\" width=\"13\" height=\"10\"><br \/>\n<img loading=\"lazy\" decoding=\"async\" class=\"alignnone wp-image-29051\" role=\"img\" src=\"https:\/\/cornu.ch\/wp-content\/uploads\/\/2021\/12\/icone-check.svg\" alt=\"\" width=\"13\" height=\"10\"><\/td>\n<td style=\"width: 29%; text-align: center;\">&#8211;<\/td>\n<\/tr>\n<tr>\n<td style=\"width: 13%; padding-left: 15px!important;\"><strong>Karton | Tray<\/strong><\/td>\n<td style=\"width: 29%; text-align: center;\"><b>125g<\/b><\/td>\n<td style=\"width: 29%; text-align: center;\"><strong>140g<\/strong><\/td>\n<td style=\"width: 1 29%; text-align: center;\"><b>150g<\/b><\/td>\n<\/tr>\n<tr>\n<td style=\"width: 13%; padding-left: 15px!important;\">Material<br \/>\nRecycelt<br \/>\nRecycelbar<\/td>\n<td style=\"width: 29%; text-align: center;\">Karton<br \/>\n<img loading=\"lazy\" decoding=\"async\" class=\"alignnone wp-image-29051\" role=\"img\" src=\"https:\/\/cornu.ch\/wp-content\/uploads\/\/2021\/12\/icone-check.svg\" alt=\"\" width=\"13\" height=\"10\"><br \/>\n<img loading=\"lazy\" decoding=\"async\" class=\"alignnone wp-image-29051\" role=\"img\" src=\"https:\/\/cornu.ch\/wp-content\/uploads\/\/2021\/12\/icone-check.svg\" alt=\"\" width=\"13\" height=\"10\"><\/td>\n<td style=\"width: 29%; text-align: center;\">Karton<br \/>\n<img loading=\"lazy\" decoding=\"async\" class=\"alignnone wp-image-29051\" role=\"img\" src=\"https:\/\/cornu.ch\/wp-content\/uploads\/\/2021\/12\/icone-check.svg\" alt=\"\" width=\"13\" height=\"10\"><br \/>\n<img loading=\"lazy\" decoding=\"async\" class=\"alignnone wp-image-29051\" role=\"img\" src=\"https:\/\/cornu.ch\/wp-content\/uploads\/\/2021\/12\/icone-check.svg\" alt=\"\" width=\"13\" height=\"10\"><\/td>\n<td style=\"width: 29%; text-align: center;\">Karton<br \/>\n<img loading=\"lazy\" decoding=\"async\" class=\"alignnone wp-image-29051\" role=\"img\" src=\"https:\/\/cornu.ch\/wp-content\/uploads\/\/2021\/12\/icone-check.svg\" alt=\"\" width=\"13\" height=\"10\"><br \/>\n<img loading=\"lazy\" decoding=\"async\" class=\"alignnone wp-image-29051\" role=\"img\" src=\"https:\/\/cornu.ch\/wp-content\/uploads\/\/2021\/12\/icone-check.svg\" alt=\"\" width=\"13\" height=\"10\"><\/td>\n<\/tr>\n<\/tbody>\n<\/table>\n<p>[\/vc_column_text][\/vc_column][\/vc_row]<\/p>\n<\/div>","protected":false},"excerpt":{"rendered":"<p>Die leicht gedrehten Sesamk\u00f6rner verleihen den Fl\u00f6ten einen au\u00dfergew\u00f6hnlichen Geschmack und ein au\u00dfergew\u00f6hnliches Aussehen, die Aperitifs und leichte Mahlzeiten auf die sch\u00f6nste Weise bereichern.<\/p>\n<p>&nbsp;<\/p>\n<h4>Zutaten<\/h4>\n<hr style=\"height: 2px; border-width: 0; #fcdd90: gray; background-color: #fcdd90;\">\n<p><strong>Weizen<\/strong>mehl (GLUTEN), <strong>Sesam<\/strong>-Samen (30 %), Margarine (pflanzliche Fette und \u00d6le [Palm, Sonnenblumen], Wasser, Salz), Mager<strong>milch<\/strong>pulver, Salz, Hefe, Zucker, Dextrose, Emulgator E472e, <strong>Gersten<\/strong>-Malzmehl (GLUTEN), Mehlbehandlungsmittel E300<\/p>\n<p>&nbsp;<\/p>\n<h4>Angaben &amp; Labels<\/h4>\n<hr style=\"height: 2px; border-width: 0; #fcdd90: gray; background-color: #fcdd90;\">\n<ul>\n<li>GVO-frei (Gentechnikfrei)<\/li>\n<\/ul>\n<p>&nbsp;<\/p>\n<h4>Bestehende Varianten<\/h4>\n<hr style=\"height: 2px; border-width: 0; #fcdd90: gray; background-color: #fcdd90;\">\n<ul>\n<li>Sesam &amp; Butter<\/li>\n<li>3 k\u00f6rner<\/li>\n<\/ul>\n","protected":false},"featured_media":30113,"template":"","meta":{"footnotes":""},"product_brand":[],"product_cat":[121,192,182,202,94],"product_tag":[],"class_list":{"0":"post-31249","1":"product","2":"type-product","3":"status-publish","4":"has-post-thumbnail","6":"product_cat-gvo-frei-gentechnikfrei","7":"product_cat-margarine-de","8":"product_cat-salzig","9":"product_cat-sesamsamen","10":"product_cat-stengel","12":"first","13":"instock","14":"shipping-taxable","15":"product-type-simple"},"_links":{"self":[{"href":"https:\/\/cornu.ch\/de\/wp-json\/wp\/v2\/product\/31249","targetHints":{"allow":["GET"]}}],"collection":[{"href":"https:\/\/cornu.ch\/de\/wp-json\/wp\/v2\/product"}],"about":[{"href":"https:\/\/cornu.ch\/de\/wp-json\/wp\/v2\/types\/product"}],"version-history":[{"count":13,"href":"https:\/\/cornu.ch\/de\/wp-json\/wp\/v2\/product\/31249\/revisions"}],"predecessor-version":[{"id":31698,"href":"https:\/\/cornu.ch\/de\/wp-json\/wp\/v2\/product\/31249\/revisions\/31698"}],"wp:featuredmedia":[{"embeddable":true,"href":"https:\/\/cornu.ch\/de\/wp-json\/wp\/v2\/media\/30113"}],"wp:attachment":[{"href":"https:\/\/cornu.ch\/de\/wp-json\/wp\/v2\/media?parent=31249"}],"wp:term":[{"taxonomy":"product_brand","embeddable":true,"href":"https:\/\/cornu.ch\/de\/wp-json\/wp\/v2\/product_brand?post=31249"},{"taxonomy":"product_cat","embeddable":true,"href":"https:\/\/cornu.ch\/de\/wp-json\/wp\/v2\/product_cat?post=31249"},{"taxonomy":"product_tag","embeddable":true,"href":"https:\/\/cornu.ch\/de\/wp-json\/wp\/v2\/product_tag?post=31249"}],"curies":[{"name":"wp","href":"https:\/\/api.w.org\/{rel}","templated":true}]}}