{"id":30968,"date":"2023-11-01T15:46:20","date_gmt":"2023-11-01T14:46:20","guid":{"rendered":"https:\/\/cornu.ch\/?post_type=product&#038;p=30968"},"modified":"2024-03-18T11:26:20","modified_gmt":"2024-03-18T10:26:20","slug":"zwiebel-schnittlauch-40-butter-twist-copie-2","status":"publish","type":"product","link":"https:\/\/cornu.ch\/de\/produit\/zwiebel-schnittlauch-40-butter-twist-copie-2\/","title":{"rendered":"Zwieback Classic"},"content":{"rendered":"<div class=\"wpb-content-wrapper\"><p>[vc_row css_animation=&#8221;&#8221; row_type=&#8221;row&#8221; use_row_as_full_screen_section=&#8221;no&#8221; type=&#8221;full_width&#8221; angled_section=&#8221;no&#8221; text_align=&#8221;left&#8221; background_image_as_pattern=&#8221;without_pattern&#8221; css=&#8221;.vc_custom_1623681945101{padding-bottom: 50px !important;}&#8221; z_index=&#8221;&#8221;][vc_column][vc_column_text css=&#8221;.vc_custom_1642598568484{padding-bottom: 10px !important;}&#8221;]<\/p>\n<h4 style=\"text-align: center;\">Ern\u00e4hrungsdaten<\/h4>\n<p>[\/vc_column_text][vc_column_text]<\/p>\n<table class=\"ingredients\" style=\"border-collapse: collapse; width: 100%;\">\n<tbody>\n<tr>\n<td style=\"width: 55%; padding-left: 15px!important;\"><span style=\"color: #303030;\"><strong>Durchschnittliche <span style=\"font-family: inherit; font-size: inherit;\">N\u00e4hrwerte<\/span><\/strong><\/span><\/td>\n<td style=\"width: 15%;\">\n<p style=\"text-align: center;\"><span style=\"color: #303030;\"><strong>100g<\/strong><\/span><\/p>\n<\/td>\n<td style=\"width: 15%;\">\n<p style=\"text-align: center;\"><span style=\"color: #303030;\"><strong>10g<\/strong><\/span><\/p>\n<\/td>\n<td style=\"width: 20%;\">\n<p style=\"text-align: center;\"><span style=\"color: #303030;\"><strong>GDA*<\/strong><\/span><\/p>\n<\/td>\n<\/tr>\n<tr>\n<td style=\"width: 55%; padding-left: 15px!important;\">Brennwert (kJ)<\/td>\n<td style=\"width: 15%;\">\n<p style=\"text-align: center;\">1790.4<\/p>\n<\/td>\n<td style=\"width: 15%;\">\n<p style=\"text-align: center;\">179.04<\/p>\n<\/td>\n<td style=\"width: 15%;\">\n<p style=\"text-align: center;\">2%<\/p>\n<\/td>\n<\/tr>\n<tr>\n<td style=\"width: 55%; padding-left: 15px!important;\">Brennwert (kcal)<\/td>\n<td style=\"width: 15%;\">\n<p style=\"text-align: center;\">424.1<\/p>\n<\/td>\n<td style=\"width: 15%;\">\n<p style=\"text-align: center;\">42.41<\/p>\n<\/td>\n<td style=\"width: 15%;\">\n<p style=\"text-align: center;\">2%<\/p>\n<\/td>\n<\/tr>\n<tr>\n<td style=\"width: 55%; padding-left: 15px!important;\">Fett <span style=\"font-family: inherit; font-size: inherit;\">(g)<\/span><\/td>\n<td style=\"width: 15%;\">\n<p style=\"text-align: center;\">8.3<\/p>\n<\/td>\n<td style=\"width: 15%;\">\n<p style=\"text-align: center;\">0.83<\/p>\n<\/td>\n<td style=\"width: 15%;\">\n<p style=\"text-align: center;\">1%<\/p>\n<\/td>\n<\/tr>\n<tr>\n<td style=\"width: 55%; padding-left: 15px!important;\">davon ges\u00e4ttigte Fetts\u00e4uren <span style=\"font-family: inherit; font-size: inherit;\">(g)<\/span><\/td>\n<td style=\"width: 15%;\">\n<p style=\"text-align: center;\">1.3<\/p>\n<\/td>\n<td style=\"width: 15%;\">\n<p style=\"text-align: center;\">0.13<\/p>\n<\/td>\n<td style=\"width: 15%;\">\n<p style=\"text-align: center;\">1%<\/p>\n<\/td>\n<\/tr>\n<tr>\n<td style=\"width: 55%; padding-left: 15px!important;\">Kohlenhydrate <span style=\"font-family: inherit; font-size: inherit;\">(g)<\/span><\/td>\n<td style=\"width: 15%;\">\n<p style=\"text-align: center;\">73.7<\/p>\n<\/td>\n<td style=\"width: 15%;\">\n<p style=\"text-align: center;\">7.37<\/p>\n<\/td>\n<td style=\"width: 15%;\">\n<p style=\"text-align: center;\">3%<\/p>\n<\/td>\n<\/tr>\n<tr>\n<td style=\"width: 55%; padding-left: 15px!important;\">davon Zucker <span style=\"font-family: inherit; font-size: inherit;\">(g)<\/span><\/td>\n<td style=\"width: 15%;\">\n<p style=\"text-align: center;\">15<\/p>\n<\/td>\n<td style=\"width: 15%;\">\n<p style=\"text-align: center;\">1.5<\/p>\n<\/td>\n<td style=\"width: 15%;\">\n<p style=\"text-align: center;\">2%<\/p>\n<\/td>\n<\/tr>\n<tr>\n<td style=\"width: 55%; padding-left: 15px!important;\">Ballaststoffe <span style=\"font-family: inherit; font-size: inherit;\">(g)<\/span><\/td>\n<td style=\"width: 15%;\">\n<p style=\"text-align: center;\">3.3<\/p>\n<\/td>\n<td style=\"width: 15%;\">\n<p style=\"text-align: center;\">0.33<\/p>\n<\/td>\n<td style=\"width: 15%;\">\n<p style=\"text-align: center;\">&#8211;<\/p>\n<\/td>\n<\/tr>\n<tr>\n<td style=\"width: 55%; padding-left: 15px!important;\">Eiwei\u00df <span style=\"font-family: inherit; font-size: inherit;\">(g)<\/span><\/td>\n<td style=\"width: 15%;\">\n<p style=\"text-align: center;\">12<\/p>\n<\/td>\n<td style=\"width: 15%;\">\n<p style=\"text-align: center;\">1.2<\/p>\n<\/td>\n<td style=\"width: 15%;\">\n<p style=\"text-align: center;\">2%<\/p>\n<\/td>\n<\/tr>\n<tr>\n<td style=\"width: 55%; padding-left: 15px!important;\">Salz <span style=\"font-family: inherit; font-size: inherit;\">(g)<\/span><\/td>\n<td style=\"width: 15%;\">\n<p style=\"text-align: center;\">1.3<\/p>\n<\/td>\n<td style=\"width: 15%;\">\n<p style=\"text-align: center;\">0.13<\/p>\n<\/td>\n<td style=\"width: 15%;\">\n<p style=\"text-align: center;\">2%<\/p>\n<\/td>\n<\/tr>\n<\/tbody>\n<\/table>\n<p>[\/vc_column_text][\/vc_column][\/vc_row][vc_row css_animation=&#8221;&#8221; row_type=&#8221;row&#8221; use_row_as_full_screen_section=&#8221;no&#8221; type=&#8221;full_width&#8221; angled_section=&#8221;no&#8221; text_align=&#8221;left&#8221; background_image_as_pattern=&#8221;without_pattern&#8221; css=&#8221;.vc_custom_1641466450957{padding-bottom: 50px !important;}&#8221; z_index=&#8221;&#8221; el_class=&#8221;conditionnement&#8221;][vc_column][vc_column_text css=&#8221;.vc_custom_1640015237988{padding-bottom: 10px !important;}&#8221;]<\/p>\n<h4 style=\"text-align: center;\">Verpackung<\/h4>\n<p>[\/vc_column_text][vc_column_text]<\/p>\n<table class=\"ingredients\" style=\"border-collapse: collapse; width: 100%;\">\n<tbody>\n<tr>\n<td style=\"width: 8%; padding-left: 15px!important;\"><img loading=\"lazy\" decoding=\"async\" class=\"aligncenter wp-image-29034\" role=\"img\" src=\"\/wp-content\/uploads\/2021\/12\/cornu-icone-flowpack.svg\" alt=\"\" width=\"50\" height=\"50\"><\/td>\n<td style=\"width: 38%;\"><strong>Folie<\/strong><\/td>\n<td style=\"width: 38%;\">11g | 30g<\/td>\n<td style=\"width: 8%;\">DLUO 9M<\/td>\n<td style=\"width: 8%;\"><a href=\"\/wp-content\/uploads\/2023\/11\/emballage-film-imprime.jpg\" target=\"_blank\" rel=\"noopener\"><img loading=\"lazy\" decoding=\"async\" class=\"aligncenter wp-image-29088 size-thumbnail\" role=\"img\" src=\"\/wp-content\/uploads\/2022\/01\/icone-image.svg\" alt=\"icone image\" width=\"40\" height=\"40\"><\/a><\/td>\n<\/tr>\n<tr>\n<td style=\"width: 8%; padding-left: 15px!important;\"><img loading=\"lazy\" decoding=\"async\" class=\"aligncenter wp-image-29033\" role=\"img\" src=\"\/wp-content\/uploads\/2021\/12\/cornu-icone-flowpack-boite.svg\" alt=\"\" width=\"50\" height=\"50\"><\/td>\n<td style=\"width: 38%;\"><strong>Folie + Schachtel<\/strong><\/td>\n<td style=\"width: 38%;\">165g | 250g | 260g<\/td>\n<td style=\"width: 8%;\">DLUO 9M<\/td>\n<td style=\"width: 8%;\"><a href=\"https:\/\/cornu.ch\/wp-content\/uploads\/2023\/12\/emballage-film-boite.webp\" target=\"_blank\" rel=\"noopener\"><img loading=\"lazy\" decoding=\"async\" class=\"aligncenter wp-image-29088\" role=\"img\" src=\"https:\/\/cornu.ch\/wp-content\/uploads\/\/2022\/01\/icone-image.svg\" alt=\"icone image\" width=\"40\" height=\"40\"><\/a><\/td>\n<\/tr>\n<\/tbody>\n<\/table>\n<p>[\/vc_column_text][\/vc_column][\/vc_row][vc_row css_animation=&#8221;&#8221; row_type=&#8221;row&#8221; use_row_as_full_screen_section=&#8221;no&#8221; type=&#8221;full_width&#8221; angled_section=&#8221;no&#8221; text_align=&#8221;left&#8221; background_image_as_pattern=&#8221;without_pattern&#8221; css=&#8221;.vc_custom_1640076346092{padding-bottom: 30px !important;}&#8221; z_index=&#8221;&#8221; el_class=&#8221;distribution&#8221;][vc_column][vc_column_text css=&#8221;.vc_custom_1640017736500{padding-bottom: 10px !important;}&#8221;]<\/p>\n<h4 style=\"text-align: center;\">Vertrieb<\/h4>\n<p>[\/vc_column_text][vc_column_text]<\/p>\n<table class=\"ingredients\" style=\"border-collapse: collapse; width: 100%;\">\n<tbody>\n<tr>\n<td style=\"width: 15%; padding-left: 15px!important;\"><img loading=\"lazy\" decoding=\"async\" class=\"wp-image-29044 aligncenter\" role=\"img\" src=\"https:\/\/cornu.ch\/wp-content\/uploads\/\/2021\/12\/cornu-icone-marques-disponibles.svg\" alt=\"\" width=\"35\" height=\"35\"><\/td>\n<td style=\"width: 35%;\"><span style=\"color: #303030;\"><strong>Verf\u00fcgbare Marken<\/strong><\/span><\/p>\n<ul>\n<li>Roland<\/li>\n<li>Handelsmarke<\/li>\n<\/ul>\n<\/td>\n<td style=\"width: 15%;\"><img loading=\"lazy\" decoding=\"async\" class=\"aligncenter wp-image-29038\" role=\"img\" src=\"https:\/\/cornu.ch\/wp-content\/uploads\/\/2021\/12\/cornu-icone-lieu-production.svg\" alt=\"\" width=\"35\" height=\"35\"><\/td>\n<td style=\"width: 35%;\"><span style=\"color: #303030;\"><strong>Produktionsort<\/strong><\/span><\/p>\n<p>Murten | Schweiz<\/td>\n<\/tr>\n<\/tbody>\n<\/table>\n<p>[\/vc_column_text][\/vc_column][\/vc_row][vc_row css_animation=&#8221;&#8221; row_type=&#8221;row&#8221; use_row_as_full_screen_section=&#8221;no&#8221; type=&#8221;full_width&#8221; angled_section=&#8221;no&#8221; text_align=&#8221;left&#8221; background_image_as_pattern=&#8221;without_pattern&#8221; z_index=&#8221;&#8221; el_class=&#8221;distribution&#8221; css=&#8221;.vc_custom_1693396771251{padding-top: 20px !important;}&#8221;][vc_column][vc_column_text css=&#8221;.vc_custom_1641809696712{padding-bottom: 10px !important;}&#8221;]<\/p>\n<h4 style=\"text-align: center;\">Logistik<\/h4>\n<p>[\/vc_column_text][\/vc_column][\/vc_row][vc_row row_type=&#8221;expandable&#8221; text_align=&#8221;left&#8221; button_position=&#8221;center&#8221; css=&#8221;.vc_custom_1693396873291{margin-top: -50px !important;padding-bottom: 30px !important;}&#8221; more_button_label=&#8221;+&#8221; expandable_content_top_padding=&#8221;10&#8243; el_class=&#8221;logistique&#8221; less_button_label=&#8221;\u2573&#8221;][vc_column][vc_column_text]<\/p>\n<table class=\"ingredients\" style=\"border-collapse: collapse; width: 100%;\">\n<tbody>\n<tr>\n<td style=\"width: 10%; padding-left: 15px!important;\"><\/td>\n<td style=\"width: 10%; padding-left: 15px!important;\"><\/td>\n<td style=\"width: 15%; text-align: center;\"><strong>Abmessungen<br \/>\nUVC<\/strong><\/td>\n<td style=\"width: 15%; text-align: center;\"><strong>Abmessungen Karton<\/strong><\/td>\n<td style=\"width: 8%; text-align: center;\"><strong>UVC<br \/>\nKartons<\/strong><\/td>\n<td style=\"width: 8%; text-align: center;\"><strong>EUR 120 x 80<\/strong><\/td>\n<td style=\"width: 8%; text-align: center;\"><strong>UVC<br \/>\nPalette EP<\/strong><\/td>\n<td style=\"width: 26%; text-align: center;\"><strong>Verf\u00fcgbare Kartons<\/strong><\/td>\n<\/tr>\n<tr>\n<td style=\"width: 10%; padding-left: 15px!important;\"><img loading=\"lazy\" decoding=\"async\" class=\"wp-image-29034 aligncenter\" role=\"img\" src=\"https:\/\/cornu.ch\/wp-content\/uploads\/\/2021\/12\/cornu-icone-boite-barquette-plastique-imprime.svg\" alt=\"\" width=\"50\" height=\"50\"><\/td>\n<td style=\"width: 10%; padding-left: 15px!important;\">11g<br \/>\n30g<\/td>\n<td style=\"width: 15%; text-align: center;\">78 x 135 x 24<br \/>\n79 x 200 x 28<\/td>\n<td style=\"width: 15%; text-align: center;\">400 x 288 x 190<br \/>\n603 x 396 x 252<\/td>\n<td style=\"width: 8%; text-align: center;\">100<br \/>\n100<\/td>\n<td style=\"width: 8%; text-align: center;\">72<br \/>\n28<\/td>\n<td style=\"width: 8%; text-align: center;\">7200<br \/>\n2800<\/td>\n<td style=\"width: 26%; text-align: center;\">Amerikanische Box<br \/>\nAmerikanische Box<\/td>\n<\/tr>\n<tr>\n<td style=\"width: 10%; padding-left: 15px!important;\"><img loading=\"lazy\" decoding=\"async\" class=\"aligncenter wp-image-29033\" role=\"img\" src=\"https:\/\/cornu.ch\/wp-content\/uploads\/\/2021\/12\/cornu-icone-boite-barquette-plastique.svg\" alt=\"\" width=\"50\" height=\"50\"><\/td>\n<td style=\"width: 10%; padding-left: 15px!important;\">165g<br \/>\n250g<br \/>\n260g<\/td>\n<td style=\"width: 15%; text-align: center;\">130 x 61 x 175<br \/>\n139 x 61 x 244<br \/>\n133 x 63 x 244<\/td>\n<td style=\"width: 15%; text-align: center;\">393 x 148 196<br \/>\n278 x 366 x 244<br \/>\n133 x 378 x 244<\/td>\n<td style=\"width: 8%; text-align: center;\">6<br \/>\n12<br \/>\n6<\/td>\n<td style=\"width: 8%; text-align: center;\">150<br \/>\n56<br \/>\n126<\/td>\n<td style=\"width: 8%; text-align: center;\">900<br \/>\n672<br \/>\n756<\/td>\n<td style=\"width: 26%; text-align: center;\">Amerikanische Box<br \/>\nAmerikanische Box + Fardelage<br \/>\nAmerikanische Box + Fardelage<\/td>\n<\/tr>\n<\/tbody>\n<\/table>\n<p>[\/vc_column_text][\/vc_column][\/vc_row][vc_row css_animation=&#8221;&#8221; row_type=&#8221;row&#8221; use_row_as_full_screen_section=&#8221;no&#8221; type=&#8221;full_width&#8221; angled_section=&#8221;no&#8221; text_align=&#8221;left&#8221; background_image_as_pattern=&#8221;without_pattern&#8221; z_index=&#8221;&#8221; el_class=&#8221;distribution&#8221; css=&#8221;.vc_custom_1693396771251{padding-top: 20px !important;}&#8221;][vc_column][vc_column_text css=&#8221;.vc_custom_1641809654835{padding-bottom: 10px !important;}&#8221;]<\/p>\n<h4 style=\"text-align: center;\">Zusammensetzung von Verpackungen<\/h4>\n<p>[\/vc_column_text][\/vc_column][\/vc_row][vc_row row_type=&#8221;expandable&#8221; text_align=&#8221;left&#8221; button_position=&#8221;center&#8221; css=&#8221;.vc_custom_1693396883727{margin-top: -50px !important;padding-bottom: 50px !important;}&#8221; more_button_label=&#8221;Emballages&#8221; expandable_content_top_padding=&#8221;10&#8243; el_class=&#8221;emballage&#8221; less_button_label=&#8221;\u2573&#8221;][vc_column][vc_column_text]<\/p>\n<table class=\"ingredients\" style=\"border-collapse: collapse; width: 100%;\">\n<tbody>\n<tr>\n<td style=\"width: 30%; padding-left: 15px!important;\"><strong>Folie<\/strong><\/td>\n<td style=\"width: 35%; text-align: center;\"><strong>11g | 30g<\/strong><\/td>\n<td style=\"width: 35%; text-align: center;\"><b>165g | 250g | 260g<\/b><\/td>\n<\/tr>\n<tr>\n<td style=\"width: 30%; padding-left: 15px!important;\">Material<br \/>\nRecycelt<br \/>\nRecycelbar<\/td>\n<td style=\"width: 35%; text-align: center;\">PET + OPP<br \/>\n<img loading=\"lazy\" decoding=\"async\" class=\"alignnone wp-image-29050\" role=\"img\" src=\"https:\/\/cornu.ch\/wp-content\/uploads\/\/2021\/12\/icone-cross.svg\" alt=\"\" width=\"13\" height=\"10\"><br \/>\n<img loading=\"lazy\" decoding=\"async\" class=\"alignnone wp-image-29050\" role=\"img\" src=\"https:\/\/cornu.ch\/wp-content\/uploads\/\/2021\/12\/icone-cross.svg\" alt=\"\" width=\"13\" height=\"10\"><\/td>\n<td style=\"width: 35%; text-align: center;\">PET + OPP<br \/>\n<img loading=\"lazy\" decoding=\"async\" class=\"alignnone wp-image-29050\" role=\"img\" src=\"https:\/\/cornu.ch\/wp-content\/uploads\/\/2021\/12\/icone-cross.svg\" alt=\"\" width=\"13\" height=\"10\"><br \/>\n<img loading=\"lazy\" decoding=\"async\" class=\"alignnone wp-image-29050\" role=\"img\" src=\"https:\/\/cornu.ch\/wp-content\/uploads\/\/2021\/12\/icone-cross.svg\" alt=\"\" width=\"13\" height=\"10\"><\/td>\n<\/tr>\n<tr>\n<td style=\"width: 30%; padding-left: 15px!important;\"><strong>Schachtel<\/strong><\/td>\n<td style=\"width: 35%; text-align: center;\"><strong>11g | 30g<\/strong><\/td>\n<td style=\"width: 35%; text-align: center;\"><b>165g | 250g | 260g<\/b><\/td>\n<\/tr>\n<tr>\n<td style=\"width: 30%; padding-left: 15px!important;\">Material<br \/>\nRecycelt<br \/>\nRecycelbar<\/td>\n<td style=\"width: 35%; text-align: center;\">&#8211;<br \/>\n&#8211;<br \/>\n&#8211;<\/td>\n<td style=\"width: 35%; text-align: center;\">GD2<br \/>\n<img loading=\"lazy\" decoding=\"async\" class=\"alignnone wp-image-29051\" role=\"img\" src=\"https:\/\/cornu.ch\/wp-content\/uploads\/\/2021\/12\/icone-check.svg\" alt=\"\" width=\"13\" height=\"10\"><br \/>\n<img loading=\"lazy\" decoding=\"async\" class=\"alignnone wp-image-29051\" role=\"img\" src=\"https:\/\/cornu.ch\/wp-content\/uploads\/\/2021\/12\/icone-check.svg\" alt=\"\" width=\"13\" height=\"10\"><\/td>\n<\/tr>\n<tr>\n<td style=\"width: 30%; padding-left: 15px!important;\"><strong>Karton | Tray<\/strong><\/td>\n<td style=\"width: 35%; text-align: center;\"><strong>11g | 30g<\/strong><\/td>\n<td style=\"width: 35%; text-align: center;\"><b>165g | 250g | 260g<\/b><\/td>\n<\/tr>\n<tr>\n<td style=\"width: 30%; padding-left: 15px!important;\">Material<br \/>\nRecycelt<br \/>\nRecycelbar<\/td>\n<td style=\"width: 35%; text-align: center;\">Karton<br \/>\n<img loading=\"lazy\" decoding=\"async\" class=\"alignnone wp-image-29051\" role=\"img\" src=\"https:\/\/cornu.ch\/wp-content\/uploads\/\/2021\/12\/icone-check.svg\" alt=\"\" width=\"13\" height=\"10\"><br \/>\n<img loading=\"lazy\" decoding=\"async\" class=\"alignnone wp-image-29051\" role=\"img\" src=\"https:\/\/cornu.ch\/wp-content\/uploads\/\/2021\/12\/icone-check.svg\" alt=\"\" width=\"13\" height=\"10\"><\/td>\n<td style=\"width: 35%; text-align: center;\">Karton<br \/>\n<img loading=\"lazy\" decoding=\"async\" class=\"alignnone wp-image-29051\" role=\"img\" src=\"https:\/\/cornu.ch\/wp-content\/uploads\/\/2021\/12\/icone-check.svg\" alt=\"\" width=\"13\" height=\"10\"><br \/>\n<img loading=\"lazy\" decoding=\"async\" class=\"alignnone wp-image-29051\" role=\"img\" src=\"https:\/\/cornu.ch\/wp-content\/uploads\/\/2021\/12\/icone-check.svg\" alt=\"\" width=\"13\" height=\"10\"><\/td>\n<\/tr>\n<\/tbody>\n<\/table>\n<p>[\/vc_column_text][\/vc_column][\/vc_row]<\/p>\n<\/div>","protected":false},"excerpt":{"rendered":"<p>Der Zwieback ist ein Fr\u00fchst\u00fccksklassiker. Er wird in unserer Fabrik in Murten in der Schweiz hergestellt und besteht aus Maisst\u00e4rke, Kartoffelst\u00e4rke und Butter. Er enth\u00e4lt kein Palm\u00f6l und ist daher besonders knusprig und geschmackvoll.<\/p>\n<p>&nbsp;<\/p>\n<h4>Zutaten<\/h4>\n<hr style=\"height: 2px; border-width: 0; #fcdd90: gray; background-color: #fcdd90;\">\n<p><strong>Weizen<\/strong>mehl, Zucker, Hefe, Sonnenblumen\u00f6l, Mager<strong>milch<\/strong>pulver, Salz, <strong>Gersten<\/strong>malzextrakt, Magnesiumphosphat, Calciumphosphat, Eisenphosphat, Acerolapulver (auf Maniokst\u00e4rke).<\/p>\n<p>&nbsp;<\/p>\n<h4>Angaben &amp; Labels<\/h4>\n<hr style=\"height: 2px; border-width: 0; #fcdd90: gray; background-color: #fcdd90;\">\n<ul>\n<li>Ballaststoffquelle<\/li>\n<li>GVO-frei (Gentechnikfrei)<\/li>\n<li>Palm\u00f6lfrei<\/li>\n<\/ul>\n<p>&nbsp;<\/p>\n<h4>Bestehende Varianten<\/h4>\n<hr style=\"height: 2px; border-width: 0; #fcdd90: gray; background-color: #fcdd90;\">\n<ul>\n<li>Ohne Zucker<\/li>\n<\/ul>\n","protected":false},"featured_media":30139,"template":"","meta":{"footnotes":""},"product_brand":[],"product_cat":[127,121,124,182,184,98],"product_tag":[],"class_list":{"0":"post-30968","1":"product","2":"type-product","3":"status-publish","4":"has-post-thumbnail","6":"product_cat-ballaststoffquelle","7":"product_cat-gvo-frei-gentechnikfrei","8":"product_cat-palmoelfrei","9":"product_cat-salzig","10":"product_cat-suess","11":"product_cat-zwieback-de","13":"first","14":"instock","15":"shipping-taxable","16":"product-type-simple"},"_links":{"self":[{"href":"https:\/\/cornu.ch\/de\/wp-json\/wp\/v2\/product\/30968","targetHints":{"allow":["GET"]}}],"collection":[{"href":"https:\/\/cornu.ch\/de\/wp-json\/wp\/v2\/product"}],"about":[{"href":"https:\/\/cornu.ch\/de\/wp-json\/wp\/v2\/types\/product"}],"version-history":[{"count":18,"href":"https:\/\/cornu.ch\/de\/wp-json\/wp\/v2\/product\/30968\/revisions"}],"predecessor-version":[{"id":31763,"href":"https:\/\/cornu.ch\/de\/wp-json\/wp\/v2\/product\/30968\/revisions\/31763"}],"wp:featuredmedia":[{"embeddable":true,"href":"https:\/\/cornu.ch\/de\/wp-json\/wp\/v2\/media\/30139"}],"wp:attachment":[{"href":"https:\/\/cornu.ch\/de\/wp-json\/wp\/v2\/media?parent=30968"}],"wp:term":[{"taxonomy":"product_brand","embeddable":true,"href":"https:\/\/cornu.ch\/de\/wp-json\/wp\/v2\/product_brand?post=30968"},{"taxonomy":"product_cat","embeddable":true,"href":"https:\/\/cornu.ch\/de\/wp-json\/wp\/v2\/product_cat?post=30968"},{"taxonomy":"product_tag","embeddable":true,"href":"https:\/\/cornu.ch\/de\/wp-json\/wp\/v2\/product_tag?post=30968"}],"curies":[{"name":"wp","href":"https:\/\/api.w.org\/{rel}","templated":true}]}}