{"id":30458,"date":"2022-12-20T09:59:51","date_gmt":"2022-12-20T08:59:51","guid":{"rendered":"https:\/\/cornu.ch\/allgemeine-bedingungen\/"},"modified":"2023-08-29T11:11:20","modified_gmt":"2023-08-29T09:11:20","slug":"allgemeine-bedingungen","status":"publish","type":"page","link":"https:\/\/cornu.ch\/de\/allgemeine-bedingungen\/","title":{"rendered":"Allgemeine Bedingungen"},"content":{"rendered":"<div class=\"wpb-content-wrapper\"><p>[vc_row css_animation=&#8221;&#8221; row_type=&#8221;row&#8221; use_row_as_full_screen_section=&#8221;no&#8221; type=&#8221;grid&#8221; angled_section=&#8221;no&#8221; text_align=&#8221;left&#8221; background_image_as_pattern=&#8221;without_pattern&#8221; css=&#8221;.vc_custom_1671527388168{padding-top: 80px !important;padding-bottom: 80px !important;}&#8221; z_index=&#8221;&#8221;][vc_column][vc_column_text]<\/p>\n<h1 style=\"text-align: center;\">Allgemeine Bedingungen<\/h1>\n<p>[\/vc_column_text][vc_single_image image=&#8221;30063&#8243; img_size=&#8221;full&#8221; alignment=&#8221;center&#8221; qode_css_animation=&#8221;&#8221; css=&#8221;.vc_custom_1627307088676{padding-top: 30px !important;}&#8221;][vc_column_text css=&#8221;.vc_custom_1671528632782{padding-top: 50px !important;}&#8221;]<\/p>\n<h5 style=\"text-align: center;\">Diese Erkl\u00e4rung informiert Sie \u00fcber die Art, den Umfang und den Zweck der Erhebung und Verwendung personenbezogener Daten durch den Betreiber der Website www.cornu.ch. Diese Website enth\u00e4lt Links zu anderen Websites. F\u00fcr den Inhalt und die Funktionalit\u00e4t dieser Websites sind ausschlie\u00dflich deren Betreiber verantwortlich.<\/h5>\n<p>[\/vc_column_text][vc_row_inner row_type=&#8221;row&#8221; type=&#8221;full_width&#8221; text_align=&#8221;left&#8221; css_animation=&#8221;&#8221; css=&#8221;.vc_custom_1627306343722{padding-top: 60px !important;}&#8221;][vc_column_inner width=&#8221;1\/2&#8243;][vc_column_text css=&#8221;.vc_custom_1671527356994{padding-bottom: 30px !important;}&#8221;]<\/p>\n<h4>ZUGANGSDATEN<\/h4>\n<p>Wenn Sie unsere Website besuchen, speichert unser Webserver standardm\u00e4\u00dfig die folgenden Daten als \u201eProtokolldaten\u201c:<\/p>\n<ul>\n<li>Datum des Zugriffs<\/li>\n<li>Umfang der gesendeten Daten in Bytes<\/li>\n<li>Quelle (Link) Ihres Zugriffs auf die Website<\/li>\n<li>Verwendeter Browser und Betriebssystem<\/li>\n<li>IP-Adresse, die Ihnen von Ihrem Internetdienstanbieter zugewiesen wurde<\/li>\n<\/ul>\n<p>Die gesammelten Daten werden ausschlie\u00dflich f\u00fcr statistische Analysen und zur Verbesserung der Website verwendet.[\/vc_column_text][vc_column_text css=&#8221;.vc_custom_1671527538450{padding-bottom: 30px !important;}&#8221;]<\/p>\n<h4>GOOGLE ANALYTICS<\/h4>\n<p>Diese Website benutzt Google Analytics, einen Webanalysedienst der Google Inc. Google Analytics verwendet sog. Cookies, das hei\u00dft Textdateien, die auf Ihrem Computer gespeichert werden und eine Analyse Ihrer Benutzung der Website erm\u00f6glichen. Die durch den Cookie erzeugten Informationen \u00fcber Ihre Benutzung dieser Website (einschlie\u00dflich Ihrer IP-Adresse) wird an einen Server von Google in den USA \u00fcbermittelt und dort gespeichert.<\/p>\n<p>Google wird diese Informationen verwenden, um Ihre Nutzung der Website auszuwerten, Berichte \u00fcber die Websiteaktivit\u00e4ten f\u00fcr die Websitebetreiber zusammenzustellen und weitere mit der Websitenutzung und der Internetnutzung verbundene Dienstleistungen zu erbringen. Auch wird Google diese Informationen gegebenenfalls an Dritte \u00fcbermitteln, sofern dies gesetzlich vorgeschrieben ist oder soweit Dritte diese Daten im Auftrag von Google verarbeiten. Google wird in keinem Fall Ihre IP-Adresse mit anderen Daten der Google Inc. in Verbindung bringen.[\/vc_column_text][vc_column_text css=&#8221;.vc_custom_1671527575943{padding-bottom: 30px !important;}&#8221;]<\/p>\n<h4>VERWALTUNG PERSONENBEZOGENER DATEN<\/h4>\n<p>Der Websitebetreiber erhebt, nutzt und \u00fcbermittelt Ihre personenbezogenen Daten nur, wenn dies gesetzlich erlaubt ist oder Sie der Erhebung dieser Daten zustimmen.<br \/>\nAls personenbezogene Daten gelten alle Informationen, mit denen Sie identifiziert und die zu Ihnen zur\u00fcckverfolgt werden k\u00f6nnen, wie zum Beispiel Ihr Name, Ihre E-Mail-Adresse oder Ihre Telefonnummer.[\/vc_column_text][\/vc_column_inner][vc_column_inner width=&#8221;1\/2&#8243;][vc_column_text css=&#8221;.vc_custom_1671527554537{padding-bottom: 30px !important;}&#8221;]<\/p>\n<h4>Cookies<\/h4>\n<p>Im Rahmen der Nutzung unserer Website und der Kundenanwendungen speichern wir Datenpakete, sogenannte Cookies, auf dem Computer des Nutzers. Diese Technologie wird verwendet, um den Nutzer zu erkennen, den Inhalt der Kundeninformationen und -anwendungen anzupassen und den Zugriff auf Kundendaten zu gew\u00e4hrleisten und Informationen \u00fcber die unmittelbare Nutzung der Website und der Anwendungen zu erhalten. Die Nutzer k\u00f6nnen das Speichern von Cookies auf ihrem Computer in den Einstellungen ihres Browsers blockieren. Dies kann jedoch die Qualit\u00e4t der Nutzung unserer Website und unserer Kundenanwendungen einschr\u00e4nken oder die Nutzung bestimmter Funktionen sogar verhindern.[\/vc_column_text][vc_column_text css=&#8221;.vc_custom_1671527591548{padding-bottom: 30px !important;}&#8221;]<\/p>\n<h4>VERWALTUNG VON KONTAKTDATEN<\/h4>\n<p>Wenn Sie uns \u00fcber das auf unserer Website integrierte Kontaktformular kontaktieren, werden Ihre Angaben gespeichert, damit wir auf Ihre Anfrage zugreifen k\u00f6nnen, um sie zu bearbeiten und zu beantworten. Die Daten werden ohne Ihre Zustimmung nicht an Dritte weitergegeben.[\/vc_column_text][vc_column_text css=&#8221;.vc_custom_1671527615622{padding-bottom: 30px !important;}&#8221;]<\/p>\n<h4>ZUGANGSRECHTE, KORREKTUR UND L\u00d6SCHUNG<\/h4>\n<p>Auf Antrag erhalten Sie kostenlos Auskunft \u00fcber die zu Ihrer Person gespeicherten Daten. Sie haben ein Recht auf Berichtigung falscher Daten sowie auf Sperrung oder L\u00f6schung Ihrer personenbezogenen Daten, sofern Ihr Verlangen nicht mit unseren gesetzlichen Verpflichtungen zur Datenaufbewahrung unvereinbar ist.[\/vc_column_text][\/vc_column_inner][\/vc_row_inner][\/vc_column][\/vc_row]<\/p>\n<\/div>","protected":false},"excerpt":{"rendered":"<p>[vc_row css_animation=&#8221;&#8221; row_type=&#8221;row&#8221; use_row_as_full_screen_section=&#8221;no&#8221; type=&#8221;grid&#8221; angled_section=&#8221;no&#8221; text_align=&#8221;left&#8221; background_image_as_pattern=&#8221;without_pattern&#8221; css=&#8221;.vc_custom_1671527388168{padding-top: 80px !important;padding-bottom: 80px !important;}&#8221; z_index=&#8221;&#8221;][vc_column][vc_column_text] Allgemeine Bedingungen [\/vc_column_text][vc_single_image image=&#8221;30063&#8243; img_size=&#8221;full&#8221; alignment=&#8221;center&#8221; qode_css_animation=&#8221;&#8221; css=&#8221;.vc_custom_1627307088676{padding-top: 30px !important;}&#8221;][vc_column_text css=&#8221;.vc_custom_1671528632782{padding-top: 50px !important;}&#8221;] Diese Erkl\u00e4rung informiert Sie \u00fcber die Art, den Umfang und den Zweck der Erhebung und Verwendung personenbezogener Daten&#8230;<\/p>\n","protected":false},"author":1,"featured_media":0,"parent":0,"menu_order":0,"comment_status":"closed","ping_status":"closed","template":"full_width.php","meta":{"footnotes":""},"class_list":["post-30458","page","type-page","status-publish","hentry"],"_links":{"self":[{"href":"https:\/\/cornu.ch\/de\/wp-json\/wp\/v2\/pages\/30458","targetHints":{"allow":["GET"]}}],"collection":[{"href":"https:\/\/cornu.ch\/de\/wp-json\/wp\/v2\/pages"}],"about":[{"href":"https:\/\/cornu.ch\/de\/wp-json\/wp\/v2\/types\/page"}],"author":[{"embeddable":true,"href":"https:\/\/cornu.ch\/de\/wp-json\/wp\/v2\/users\/1"}],"replies":[{"embeddable":true,"href":"https:\/\/cornu.ch\/de\/wp-json\/wp\/v2\/comments?post=30458"}],"version-history":[{"count":3,"href":"https:\/\/cornu.ch\/de\/wp-json\/wp\/v2\/pages\/30458\/revisions"}],"predecessor-version":[{"id":30461,"href":"https:\/\/cornu.ch\/de\/wp-json\/wp\/v2\/pages\/30458\/revisions\/30461"}],"wp:attachment":[{"href":"https:\/\/cornu.ch\/de\/wp-json\/wp\/v2\/media?parent=30458"}],"curies":[{"name":"wp","href":"https:\/\/api.w.org\/{rel}","templated":true}]}}