{"id":30446,"date":"2023-06-05T10:50:49","date_gmt":"2023-06-05T08:50:49","guid":{"rendered":"https:\/\/cornu.ch\/bei-uns-arbeiten\/"},"modified":"2023-09-06T09:49:29","modified_gmt":"2023-09-06T07:49:29","slug":"bei-uns-arbeiten","status":"publish","type":"page","link":"https:\/\/cornu.ch\/de\/bei-uns-arbeiten\/","title":{"rendered":"Mit uns arbeiten"},"content":{"rendered":"<div class=\"wpb-content-wrapper\"><p>[vc_row css_animation=&#8221;&#8221; row_type=&#8221;row&#8221; use_row_as_full_screen_section=&#8221;no&#8221; type=&#8221;full_width&#8221; angled_section=&#8221;no&#8221; text_align=&#8221;left&#8221; background_image_as_pattern=&#8221;without_pattern&#8221; css=&#8221;.vc_custom_1671533363660{padding-top: 80px !important;padding-bottom: 80px !important;background-image: url(https:\/\/cornu.1424.ch\/wp-content\/uploads\/2021\/07\/slide-fond-ble-1-e1627306696481.jpg?id=28965) !important;}&#8221; z_index=&#8221;&#8221;][vc_column][vc_column_text]<\/p>\n<h1 style=\"text-align: center;\">Unsere Produktionslinien stehen zu Ihrer Verf\u00fcgung<\/h1>\n<p>[\/vc_column_text][vc_single_image image=&#8221;30063&#8243; img_size=&#8221;full&#8221; alignment=&#8221;center&#8221; qode_css_animation=&#8221;&#8221; css=&#8221;.vc_custom_1627307088676{padding-top: 30px !important;}&#8221;][\/vc_column][\/vc_row][vc_row css_animation=&#8221;&#8221; row_type=&#8221;row&#8221; use_row_as_full_screen_section=&#8221;no&#8221; type=&#8221;grid&#8221; angled_section=&#8221;no&#8221; text_align=&#8221;center&#8221; background_image_as_pattern=&#8221;without_pattern&#8221; css=&#8221;.vc_custom_1685955071580{padding-top: 80px !important;padding-bottom: 80px !important;background-color: #ffffff !important;}&#8221; z_index=&#8221;&#8221;][vc_column][vc_column_text css=&#8221;.vc_custom_1687955157917{padding-bottom: 40px !important;}&#8221;]<\/p>\n<h2 style=\"text-align: center;\">HERVORRAGENDE PRODUKTE ALS HANDELSMARKEN<\/h2>\n<p>&nbsp;<\/p>\n<p style=\"text-align: center;\"><span style=\"font-size: 15pt; line-height: 18pt; color: #303030;\">Unser umfassender Outsourcing-Produktionsservice (Handelsmarke oder White Label) erf\u00fcllt die Anforderungen Ihrer Marke und h\u00e4lt sich strikt an Ihr Lastenheft. Wir sind auch in der Lage, exklusive Originalrezepte nach Ihren W\u00fcnschen zu kreieren.<\/span><\/p>\n<p>[\/vc_column_text]<a  itemprop=\"url\" href=\"\/de\/kontakt\/\" target=\"_self\"  class=\"qbutton  default\" style=\"margin: 20px 0 0 0; \">Kontaktieren Sie uns<\/a>[\/vc_column][\/vc_row][vc_row css_animation=&#8221;&#8221; row_type=&#8221;row&#8221; use_row_as_full_screen_section=&#8221;no&#8221; type=&#8221;grid&#8221; angled_section=&#8221;no&#8221; text_align=&#8221;left&#8221; background_image_as_pattern=&#8221;without_pattern&#8221; css=&#8221;.vc_custom_1687955089663{padding-top: 80px !important;padding-bottom: 80px !important;}&#8221; z_index=&#8221;&#8221;][vc_column][vc_column_text]<\/p>\n<h2 style=\"text-align: center;\">IHRE VORTEILE<\/h2>\n<p>&nbsp;<\/p>\n<p style=\"text-align: center;\"><span style=\"font-size: 15pt; line-height: 18pt; color: #303030;\">Wenn Sie Ihre Produktion unserem Unternehmen anvertrauen, genie\u00dfen Sie zahlreiche Vorteile. Hier sind einige davon.<\/span><\/p>\n<p>[\/vc_column_text][vc_row_inner row_type=&#8221;row&#8221; type=&#8221;full_width&#8221; text_align=&#8221;left&#8221; css_animation=&#8221;&#8221; css=&#8221;.vc_custom_1627306343722{padding-top: 60px !important;}&#8221;][vc_column_inner width=&#8221;1\/4&#8243;][vc_single_image image=&#8221;30327&#8243; img_size=&#8221;full&#8221; qode_css_animation=&#8221;&#8221; css=&#8221;.vc_custom_1685951792441{margin-bottom: 20px !important;}&#8221;][vc_column_text css=&#8221;.vc_custom_1685955296985{padding-bottom: 40px !important;}&#8221;]<\/p>\n<h6>Ausgezeichnete Produkte<\/h6>\n<p>Bei der Qualit\u00e4t der Rohstoffe und Zutaten gehen wir grunds\u00e4tzlich keine Kompromisse ein. So k\u00f6nnen Sie sicher sein, dass Sie an 365 Tagen im Jahr hervorragende Produkte erhalten.[\/vc_column_text][\/vc_column_inner][vc_column_inner width=&#8221;1\/4&#8243;][vc_single_image image=&#8221;30319&#8243; img_size=&#8221;full&#8221; qode_css_animation=&#8221;&#8221; css=&#8221;.vc_custom_1685951783005{margin-bottom: 20px !important;}&#8221;][vc_column_text css=&#8221;.vc_custom_1690289995700{padding-bottom: 40px !important;}&#8221;]<\/p>\n<h6>Auf nat\u00fcrliche Art k\u00f6stlich<\/h6>\n<p>Unser traditionelles Sortiment ist frei von Konservierungsstoffen, Zusatzstoffen und anderen k\u00fcnstlichen Geschmacksverst\u00e4rkern. Wir geben den Zutaten lieber Zeit, ihren Geschmack zu entfalten. Ihre Verbraucher verdienen das Beste![\/vc_column_text][\/vc_column_inner][vc_column_inner width=&#8221;1\/4&#8243;][vc_single_image image=&#8221;30335&#8243; img_size=&#8221;full&#8221; qode_css_animation=&#8221;&#8221; css=&#8221;.vc_custom_1685957176254{margin-bottom: 20px !important;}&#8221;][vc_column_text css=&#8221;.vc_custom_1685955326378{padding-bottom: 40px !important;}&#8221;]<\/p>\n<h6>R\u00fcckverfolgbarkeit und Lebensmittelsicherheit<\/h6>\n<p>All unsere Zutaten und Produkte sind r\u00fcckverfolgbar und werden in allen Phasen umfassenden Kontrollen unterzogen: Produktion, Verarbeitung und Vertrieb.[\/vc_column_text][\/vc_column_inner][vc_column_inner width=&#8221;1\/4&#8243;][vc_single_image image=&#8221;30327&#8243; img_size=&#8221;full&#8221; qode_css_animation=&#8221;&#8221; css=&#8221;.vc_custom_1685951792441{margin-bottom: 20px !important;}&#8221;][vc_column_text css=&#8221;.vc_custom_1685955344749{padding-bottom: 40px !important;}&#8221;]<\/p>\n<h6>Exklusive Rezepte<\/h6>\n<p>Unsere B\u00e4ckermeister testen und entwickeln gerne neue Rezepte, exklusiv f\u00fcr Ihre Marke. Wir k\u00f6nnen unsere traditionellen Rezepte auch an Ihren Markt anpassen.[\/vc_column_text][\/vc_column_inner][\/vc_row_inner][vc_row_inner row_type=&#8221;row&#8221; type=&#8221;full_width&#8221; text_align=&#8221;left&#8221; css_animation=&#8221;&#8221;][vc_column_inner width=&#8221;1\/4&#8243;][vc_single_image image=&#8221;30337&#8243; img_size=&#8221;full&#8221; qode_css_animation=&#8221;&#8221; css=&#8221;.vc_custom_1685957189341{margin-bottom: 20px !important;}&#8221;][vc_column_text css=&#8221;.vc_custom_1685955360388{padding-bottom: 40px !important;}&#8221;]<\/p>\n<h6>Wohlbefinden des Verbrauchers<\/h6>\n<p>Wir bieten auch glutenfreie und Bio-Rezepte an, um den speziellen Bed\u00fcrfnissen und W\u00fcnschen der Verbraucher gerecht zu werden. [\/vc_column_text][\/vc_column_inner][vc_column_inner width=&#8221;1\/4&#8243;][vc_single_image image=&#8221;30317&#8243; img_size=&#8221;full&#8221; qode_css_animation=&#8221;&#8221; css=&#8221;.vc_custom_1685955836205{margin-bottom: 20px !important;}&#8221;][vc_column_text css=&#8221;.vc_custom_1685955373941{padding-bottom: 40px !important;}&#8221;]<\/p>\n<h6>Flexibilit\u00e4t und Schnelligkeit<\/h6>\n<p>Wir passen unsere Produktionskette schnell an, um Ihren Bed\u00fcrfnissen gerecht zu werden, Ihre Rezepte umzusetzen oder vorausschauend auf Markttrends einzugehen.[\/vc_column_text][\/vc_column_inner][vc_column_inner width=&#8221;1\/4&#8243;][vc_single_image image=&#8221;30323&#8243; img_size=&#8221;full&#8221; qode_css_animation=&#8221;&#8221; css=&#8221;.vc_custom_1685951814547{margin-bottom: 20px !important;}&#8221;][vc_column_text css=&#8221;.vc_custom_1685955387562{padding-bottom: 40px !important;}&#8221;]<\/p>\n<h6>Gro\u00dfe Mengen<\/h6>\n<p>Dank unserer modernen Anlagen und unseres Savoir-faire k\u00f6nnen wir gro\u00dfe Produktionsmengen bei h\u00f6chster Qualit\u00e4t gew\u00e4hrleisten. [\/vc_column_text][\/vc_column_inner][vc_column_inner width=&#8221;1\/4&#8243;][vc_single_image image=&#8221;30321&#8243; img_size=&#8221;full&#8221; qode_css_animation=&#8221;&#8221; css=&#8221;.vc_custom_1685951824951{margin-bottom: 20px !important;}&#8221;][vc_column_text css=&#8221;.vc_custom_1685955400801{padding-bottom: 40px !important;}&#8221;]<\/p>\n<h6>Begrenzte Mengen<\/h6>\n<p>Wir legen gro\u00dfen Wert darauf, auch vertraulichere Bestellungen zu erf\u00fcllen. Mit dem gleichen Ma\u00df an Exzellenz.[\/vc_column_text][\/vc_column_inner][\/vc_row_inner][vc_row_inner row_type=&#8221;row&#8221; type=&#8221;full_width&#8221; text_align=&#8221;left&#8221; css_animation=&#8221;&#8221;][vc_column_inner width=&#8221;1\/4&#8243;][\/vc_column_inner][vc_column_inner width=&#8221;1\/4&#8243;][vc_single_image image=&#8221;30333&#8243; img_size=&#8221;full&#8221; qode_css_animation=&#8221;&#8221; css=&#8221;.vc_custom_1685957200296{margin-bottom: 20px !important;}&#8221;][vc_column_text css=&#8221;.vc_custom_1685955414354{padding-bottom: 40px !important;}&#8221;]<\/p>\n<h6>Null-Investitionen<\/h6>\n<p>Sie brauchen nicht in teure Maschinen oder ein Testlabor zu investieren. Wir stellen unsere Produktionskette \u2013 und unser Savoir-faire \u2013 ganz zu Ihrer Verf\u00fcgung.[\/vc_column_text][\/vc_column_inner][vc_column_inner width=&#8221;1\/4&#8243;][vc_single_image image=&#8221;30331&#8243; img_size=&#8221;full&#8221; qode_css_animation=&#8221;&#8221; css=&#8221;.vc_custom_1685957210917{margin-bottom: 20px !important;}&#8221;][vc_column_text css=&#8221;.vc_custom_1685955427308{padding-bottom: 40px !important;}&#8221;]<\/p>\n<h6>Kommerzielle Effizienz<\/h6>\n<p>Wir \u00fcbernehmen auch die Produktion der Verpackung und das Verpacken. So k\u00f6nnen Sie Ihre ganze Energie auf die gesch\u00e4ftliche Entwicklung Ihrer Marke konzentrieren. [\/vc_column_text][\/vc_column_inner][vc_column_inner width=&#8221;1\/4&#8243;][\/vc_column_inner][\/vc_row_inner][\/vc_column][\/vc_row][vc_row css_animation=&#8221;&#8221; row_type=&#8221;row&#8221; use_row_as_full_screen_section=&#8221;no&#8221; type=&#8221;grid&#8221; angled_section=&#8221;no&#8221; text_align=&#8221;left&#8221; background_image_as_pattern=&#8221;without_pattern&#8221; z_index=&#8221;&#8221; css=&#8221;.vc_custom_1685957448355{padding-bottom: 80px !important;}&#8221;][vc_column]<div class=\"container_inner\"><div class=\"call_to_action normal\" style=\"background-color: #fff2dc;padding-top: 30px;padding-bottom: 30px;\"><div class=\"two_columns_75_25 clearfix\"><div class=\"text_wrapper column1\"><div class=\"call_to_action_text \" style=\"\">\n<h4 style=\"font-weight: 400\">Arbeiten Sie mit uns!<\/h4>\n<p style=\"font-weight: 400\">Kontaktieren Sie uns, um Ihre Bed\u00fcrfnisse anzusprechen oder weitere Informationen zu erhalten.<\/p>\n<\/div><\/div><div class=\"button_wrapper column2\"><a itemprop=\"url\" href=\"\/de\/kontakt\/\" class=\"qbutton white \" target=\"\" style=\"color: #303030;border-color: #303030;\" data-hover-border-color=#004899 data-hover-color=#ffffff>Kontakt<\/a><\/div><\/div><\/div><\/div>[\/vc_column][\/vc_row]<\/p>\n<\/div>","protected":false},"excerpt":{"rendered":"<p>[vc_row css_animation=&#8221;&#8221; row_type=&#8221;row&#8221; use_row_as_full_screen_section=&#8221;no&#8221; type=&#8221;full_width&#8221; angled_section=&#8221;no&#8221; text_align=&#8221;left&#8221; background_image_as_pattern=&#8221;without_pattern&#8221; css=&#8221;.vc_custom_1671533363660{padding-top: 80px !important;padding-bottom: 80px !important;background-image: url(https:\/\/cornu.1424.ch\/wp-content\/uploads\/2021\/07\/slide-fond-ble-1-e1627306696481.jpg?id=28965) !important;}&#8221; z_index=&#8221;&#8221;][vc_column][vc_column_text] Unsere Produktionslinien stehen zu Ihrer Verf\u00fcgung [\/vc_column_text][vc_single_image image=&#8221;30063&#8243; img_size=&#8221;full&#8221; alignment=&#8221;center&#8221; qode_css_animation=&#8221;&#8221; css=&#8221;.vc_custom_1627307088676{padding-top: 30px !important;}&#8221;][\/vc_column][\/vc_row][vc_row css_animation=&#8221;&#8221; row_type=&#8221;row&#8221; use_row_as_full_screen_section=&#8221;no&#8221; type=&#8221;grid&#8221; angled_section=&#8221;no&#8221; text_align=&#8221;center&#8221; background_image_as_pattern=&#8221;without_pattern&#8221; css=&#8221;.vc_custom_1685955071580{padding-top: 80px !important;padding-bottom: 80px !important;background-color: #ffffff !important;}&#8221; z_index=&#8221;&#8221;][vc_column][vc_column_text&#8230;<\/p>\n","protected":false},"author":1,"featured_media":0,"parent":0,"menu_order":0,"comment_status":"closed","ping_status":"closed","template":"full_width.php","meta":{"footnotes":""},"class_list":["post-30446","page","type-page","status-publish","hentry"],"_links":{"self":[{"href":"https:\/\/cornu.ch\/de\/wp-json\/wp\/v2\/pages\/30446","targetHints":{"allow":["GET"]}}],"collection":[{"href":"https:\/\/cornu.ch\/de\/wp-json\/wp\/v2\/pages"}],"about":[{"href":"https:\/\/cornu.ch\/de\/wp-json\/wp\/v2\/types\/page"}],"author":[{"embeddable":true,"href":"https:\/\/cornu.ch\/de\/wp-json\/wp\/v2\/users\/1"}],"replies":[{"embeddable":true,"href":"https:\/\/cornu.ch\/de\/wp-json\/wp\/v2\/comments?post=30446"}],"version-history":[{"count":31,"href":"https:\/\/cornu.ch\/de\/wp-json\/wp\/v2\/pages\/30446\/revisions"}],"predecessor-version":[{"id":30727,"href":"https:\/\/cornu.ch\/de\/wp-json\/wp\/v2\/pages\/30446\/revisions\/30727"}],"wp:attachment":[{"href":"https:\/\/cornu.ch\/de\/wp-json\/wp\/v2\/media?parent=30446"}],"curies":[{"name":"wp","href":"https:\/\/api.w.org\/{rel}","templated":true}]}}