{"id":30410,"date":"2022-12-20T16:10:26","date_gmt":"2022-12-20T15:10:26","guid":{"rendered":"https:\/\/cornu.ch\/stellen\/"},"modified":"2024-07-13T10:34:07","modified_gmt":"2024-07-13T08:34:07","slug":"stellen","status":"publish","type":"page","link":"https:\/\/cornu.ch\/de\/stellen\/","title":{"rendered":"Stellen"},"content":{"rendered":"<div class=\"wpb-content-wrapper\"><p>[vc_row css_animation=&#8221;&#8221; row_type=&#8221;row&#8221; use_row_as_full_screen_section=&#8221;no&#8221; type=&#8221;full_width&#8221; angled_section=&#8221;no&#8221; text_align=&#8221;left&#8221; background_image_as_pattern=&#8221;without_pattern&#8221; css=&#8221;.vc_custom_1671533407274{padding-top: 80px !important;padding-bottom: 80px !important;background-color: #fdf3dd !important;}&#8221; z_index=&#8221;&#8221;][vc_column][vc_column_text]<\/p>\n<h1 style=\"text-align: center;\">Stellenangebote<\/h1>\n<p>[\/vc_column_text][vc_single_image image=&#8221;30063&#8243; img_size=&#8221;full&#8221; alignment=&#8221;center&#8221; css=&#8221;.vc_custom_1627307088676{padding-top: 30px !important;}&#8221; qode_css_animation=&#8221;&#8221;][\/vc_column][\/vc_row][vc_row css_animation=&#8221;&#8221; row_type=&#8221;row&#8221; use_row_as_full_screen_section=&#8221;no&#8221; type=&#8221;grid&#8221; angled_section=&#8221;no&#8221; text_align=&#8221;left&#8221; background_image_as_pattern=&#8221;without_pattern&#8221; css=&#8221;.vc_custom_1671550264544{padding-top: 80px !important;padding-bottom: 80px !important;}&#8221; z_index=&#8221;&#8221; el_class=&#8221;underline-gris&#8221;][vc_column][vc_column_text]<\/p>\n<h5 style=\"text-align: center;\">Wir w\u00fcrden uns freuen, Sie in unserer gro\u00dfen Familie begr\u00fc\u00dfen zu d\u00fcrfen. Was auch immer Ihre Talente sind, wir bieten Ihnen ein Umfeld, in dem Sie sich entfalten und weiterentwickeln k\u00f6nnen.<\/h5>\n<p>[\/vc_column_text][vc_row_inner row_type=&#8221;row&#8221; type=&#8221;full_width&#8221; text_align=&#8221;left&#8221; css_animation=&#8221;&#8221; css=&#8221;.vc_custom_1627306343722{padding-top: 60px !important;}&#8221;][vc_column_inner css=&#8221;.vc_custom_1671531257386{margin-bottom: 30px !important;}&#8221;][vc_column_text css=&#8221;.vc_custom_1671550769888{padding-top: 5px !important;padding-bottom: 5px !important;}&#8221;]<\/p>\n<table style=\"border-collapse: collapse; width: 100%; height: 24px;\">\n<tbody>\n<tr>\n<td style=\"width: 90%;\"><a href=\"https:\/\/cornu.ch\/wp-content\/uploads\/2022\/12\/220308-Annonce-Technicien-Champagne.pdf\" target=\"_blank\" rel=\"noopener\">Technicien de maintenance (h\/f) \u00e0 Champagne (Suisse)<\/a><\/td>\n<td style=\"width: 10%;\"><a href=\"https:\/\/cornu.ch\/wp-content\/uploads\/2022\/12\/220308-Annonce-Technicien-Champagne.pdf\" target=\"_blank\" rel=\"noopener\"><img loading=\"lazy\" decoding=\"async\" class=\"aligncenter wp-image-29477 size-full\" role=\"img\" src=\"https:\/\/cornu.ch\/wp-content\/uploads\/2022\/12\/icone-pdf.svg\" alt=\"\" width=\"30\" height=\"30\"><\/a><\/td>\n<\/tr>\n<\/tbody>\n<\/table>\n<p>[\/vc_column_text][vc_column_text css=&#8221;.vc_custom_1698243859163{padding-top: 5px !important;padding-bottom: 5px !important;}&#8221;]<\/p>\n<table style=\"border-collapse: collapse; width: 100%; height: 24px;\">\n<tbody>\n<tr>\n<td style=\"width: 90%;\"><a href=\"https:\/\/cornu.ch\/wp-content\/uploads\/2023\/10\/dl_Roland_Technicien_annonce.pdf\" target=\"_blank\" rel=\"noopener\">Technicien de maintenance (h\/f) \u00e0 Morat (Suisse)<\/a><\/td>\n<td style=\"width: 10%;\"><a href=\"https:\/\/cornu.ch\/wp-content\/uploads\/2023\/10\/dl_Roland_Technicien_annonce.pdf\" target=\"_blank\" rel=\"noopener\"><img loading=\"lazy\" decoding=\"async\" class=\"aligncenter wp-image-29477 size-full\" role=\"img\" src=\"https:\/\/cornu.ch\/wp-content\/uploads\/2022\/12\/icone-pdf.svg\" alt=\"\" width=\"30\" height=\"30\"><\/a><\/td>\n<\/tr>\n<\/tbody>\n<\/table>\n<p>[\/vc_column_text][\/vc_column_inner][\/vc_row_inner][vc_row_inner row_type=&#8221;row&#8221; type=&#8221;full_width&#8221; text_align=&#8221;left&#8221; css_animation=&#8221;&#8221;][vc_column_inner][vc_column_text css=&#8221;.vc_custom_1685952536577{padding-top: 40px !important;padding-bottom: 60px !important;}&#8221;]<\/p>\n<hr style=\"height: 2px; border-width: 0; #fcdd90: gray; background-color: #fcdd90;\">\n<p>&nbsp;<\/p>\n<p style=\"text-align: center;\">Bewerben Sie sich direkt online, indem Sie das Formular ausf\u00fcllen und Ihren Lebenslauf und Ihr Bewerbungsschreiben beif\u00fcgen. Wir werden uns so schnell wie m\u00f6glich bei Ihnen melden.<\/p>\n<p>[\/vc_column_text]\n<div class=\"wpcf7 no-js\" id=\"wpcf7-f30637-o1\" lang=\"de-DE\" dir=\"ltr\" data-wpcf7-id=\"30637\">\n<div class=\"screen-reader-response\"><p role=\"status\" aria-live=\"polite\" aria-atomic=\"true\"><\/p> <ul><\/ul><\/div>\n<form action=\"\/de\/wp-json\/wp\/v2\/pages\/30410#wpcf7-f30637-o1\" method=\"post\" class=\"wpcf7-form init default\" aria-label=\"Kontaktformular\" enctype=\"multipart\/form-data\" novalidate=\"novalidate\" data-status=\"init\">\n<fieldset class=\"hidden-fields-container\"><input type=\"hidden\" name=\"_wpcf7\" value=\"30637\" \/><input type=\"hidden\" name=\"_wpcf7_version\" value=\"6.1.5\" \/><input type=\"hidden\" name=\"_wpcf7_locale\" value=\"de_DE\" \/><input type=\"hidden\" name=\"_wpcf7_unit_tag\" value=\"wpcf7-f30637-o1\" \/><input type=\"hidden\" name=\"_wpcf7_container_post\" value=\"0\" \/><input type=\"hidden\" name=\"_wpcf7_posted_data_hash\" value=\"\" \/><input type=\"hidden\" name=\"_wpcf7_recaptcha_response\" value=\"\" \/>\n<\/fieldset>\n<p><label> Name & Vorname*<br \/>\n<span class=\"wpcf7-form-control-wrap\" data-name=\"your-name\"><input size=\"40\" maxlength=\"400\" class=\"wpcf7-form-control wpcf7-text wpcf7-validates-as-required\" aria-required=\"true\" aria-invalid=\"false\" value=\"\" type=\"text\" name=\"your-name\" \/><\/span> <\/label>\n<\/p>\n<p><label> E-Mail-Adresse*<br \/>\n<span class=\"wpcf7-form-control-wrap\" data-name=\"your-email\"><input size=\"40\" maxlength=\"400\" class=\"wpcf7-form-control wpcf7-email wpcf7-validates-as-required wpcf7-text wpcf7-validates-as-email\" aria-required=\"true\" aria-invalid=\"false\" value=\"\" type=\"email\" name=\"your-email\" \/><\/span> <\/label>\n<\/p>\n<p><label> Telefon*<br \/>\n<span class=\"wpcf7-form-control-wrap\" data-name=\"telephone\"><input size=\"40\" maxlength=\"400\" class=\"wpcf7-form-control wpcf7-text wpcf7-validates-as-required\" aria-required=\"true\" aria-invalid=\"false\" value=\"\" type=\"text\" name=\"telephone\" \/><\/span> <\/label>\n<\/p>\n<p><label> Nachricht*<br \/>\n<span class=\"wpcf7-form-control-wrap\" data-name=\"your-message\"><textarea cols=\"40\" rows=\"10\" maxlength=\"2000\" class=\"wpcf7-form-control wpcf7-textarea wpcf7-validates-as-required\" aria-required=\"true\" aria-invalid=\"false\" name=\"your-message\"><\/textarea><\/span> <\/label>\n<\/p>\n<p><label> Lebenslauf & Bewerbungsschreiben*<br \/>\n<span class=\"wpcf7-form-control-wrap dropuploader-747\" style=\"position: static;\"><input size=\"40\" class=\"wpcf7-form-control wpcf7-dropuploader\" accept=\"\" aria-invalid=\"false\" type=\"file\" name=\"dropuploader-747[]\" multiple=\"multiple\" \/><\/span> <\/label>\n<\/p>\n<p><input class=\"wpcf7-form-control wpcf7-submit has-spinner\" type=\"submit\" value=\"Senden\" \/>\n<\/p><div class=\"wpcf7-response-output\" aria-hidden=\"true\"><\/div>\n<\/form>\n<\/div>\n[\/vc_column_inner][\/vc_row_inner][\/vc_column][\/vc_row]<\/p>\n<\/div>","protected":false},"excerpt":{"rendered":"<p>[vc_row css_animation=&#8221;&#8221; row_type=&#8221;row&#8221; use_row_as_full_screen_section=&#8221;no&#8221; type=&#8221;full_width&#8221; angled_section=&#8221;no&#8221; text_align=&#8221;left&#8221; background_image_as_pattern=&#8221;without_pattern&#8221; css=&#8221;.vc_custom_1671533407274{padding-top: 80px !important;padding-bottom: 80px !important;background-color: #fdf3dd !important;}&#8221; z_index=&#8221;&#8221;][vc_column][vc_column_text] Stellenangebote [\/vc_column_text][vc_single_image image=&#8221;30063&#8243; img_size=&#8221;full&#8221; alignment=&#8221;center&#8221; css=&#8221;.vc_custom_1627307088676{padding-top: 30px !important;}&#8221; qode_css_animation=&#8221;&#8221;][\/vc_column][\/vc_row][vc_row css_animation=&#8221;&#8221; row_type=&#8221;row&#8221; use_row_as_full_screen_section=&#8221;no&#8221; type=&#8221;grid&#8221; angled_section=&#8221;no&#8221; text_align=&#8221;left&#8221; background_image_as_pattern=&#8221;without_pattern&#8221; css=&#8221;.vc_custom_1671550264544{padding-top: 80px !important;padding-bottom: 80px !important;}&#8221; z_index=&#8221;&#8221; el_class=&#8221;underline-gris&#8221;][vc_column][vc_column_text] Wir w\u00fcrden uns freuen, Sie in&#8230;<\/p>\n","protected":false},"author":1,"featured_media":0,"parent":0,"menu_order":0,"comment_status":"closed","ping_status":"closed","template":"full_width.php","meta":{"footnotes":""},"class_list":["post-30410","page","type-page","status-publish","hentry"],"_links":{"self":[{"href":"https:\/\/cornu.ch\/de\/wp-json\/wp\/v2\/pages\/30410","targetHints":{"allow":["GET"]}}],"collection":[{"href":"https:\/\/cornu.ch\/de\/wp-json\/wp\/v2\/pages"}],"about":[{"href":"https:\/\/cornu.ch\/de\/wp-json\/wp\/v2\/types\/page"}],"author":[{"embeddable":true,"href":"https:\/\/cornu.ch\/de\/wp-json\/wp\/v2\/users\/1"}],"replies":[{"embeddable":true,"href":"https:\/\/cornu.ch\/de\/wp-json\/wp\/v2\/comments?post=30410"}],"version-history":[{"count":35,"href":"https:\/\/cornu.ch\/de\/wp-json\/wp\/v2\/pages\/30410\/revisions"}],"predecessor-version":[{"id":32048,"href":"https:\/\/cornu.ch\/de\/wp-json\/wp\/v2\/pages\/30410\/revisions\/32048"}],"wp:attachment":[{"href":"https:\/\/cornu.ch\/de\/wp-json\/wp\/v2\/media?parent=30410"}],"curies":[{"name":"wp","href":"https:\/\/api.w.org\/{rel}","templated":true}]}}